{"id":814,"date":"2020-01-07T16:20:21","date_gmt":"2020-01-07T15:20:21","guid":{"rendered":"https:\/\/phenom-services.com\/?page_id=814"},"modified":"2022-01-03T20:38:30","modified_gmt":"2022-01-03T19:38:30","slug":"service-de-limousine","status":"publish","type":"page","link":"https:\/\/phenom-services.com\/en\/service-de-limousine\/","title":{"rendered":"LIMOUSINE SERVICE"},"content":{"rendered":"<div class=\"vc_row wpb_row vc_row-fluid\"><div class=\"wpb_column vc_column_container vc_col-sm-12 sc_layouts_column_icons_position_left\"><div class=\"vc_column-inner\"><div class=\"wpb_wrapper\"><div class=\"vc_empty_space\"   style=\"height: 7.5em\"><span class=\"vc_empty_space_inner\"><\/span><\/div><div id=\"sc_title_733164098\"\n\t\tclass=\"sc_title sc_title_default\"><h3 class=\"sc_item_title sc_title_title sc_align_center sc_item_title_style_default\">OUR SERVICE<\/h3><div class=\"sc_item_descr sc_title_descr sc_align_center\"><p>The limousine service with driver offers several services such as transfer from one point to another, a driver available and the shuttle service. Our professional drivers have several years of experience, making it possible to meet all your expectations. Our limousines assure you incomparable comfort and a pleasant journey. In addition, all of our available vehicles are equipped with chargers, handkerchiefs and bottled water to ensure a peaceful trip.<\/p>\n<\/div><\/div><!-- \/.sc_title --><div class=\"vc_empty_space  height_medium\"   style=\"height: 7.5em\"><span class=\"vc_empty_space_inner\"><\/span><\/div><div class=\"vc_empty_space  height_medium\"   style=\"height: 100px\"><span class=\"vc_empty_space_inner\"><\/span><\/div><\/div><\/div><\/div><\/div><div class=\"vc_row wpb_row vc_row-fluid\"><div class=\"wpb_column vc_column_container vc_col-sm-12 sc_layouts_column_icons_position_left\"><div class=\"vc_column-inner\"><div class=\"wpb_wrapper\"><div id=\"sc_title_1537321398\"\n\t\tclass=\"sc_title sc_title_default\"><h3 class=\"sc_item_title sc_title_title sc_align_center sc_item_title_style_default\">PRESENTATION OF OUR FLEET<\/h3><\/div><!-- \/.sc_title --><div class=\"vc_empty_space  height_medium\"   style=\"height: 7.5em\"><span class=\"vc_empty_space_inner\"><\/span><\/div><\/div><\/div><\/div><\/div><div class=\"vc_row wpb_row vc_row-fluid\"><div class=\"wpb_column vc_column_container vc_col-sm-12 sc_layouts_column_icons_position_left\"><div class=\"vc_column-inner\"><div class=\"wpb_wrapper\">\n\t<div class=\"wpb_text_column wpb_content_element\" >\n\t\t<div class=\"wpb_wrapper\">\n\t\t\t<p><\/p>\n\n\t\t<\/div>\n\t<\/div>\n<\/div><\/div><\/div><\/div><div class=\"vc_row wpb_row vc_row-fluid\"><div class=\"wpb_column vc_column_container vc_col-sm-12 sc_layouts_column_icons_position_left\"><div class=\"vc_column-inner\"><div class=\"wpb_wrapper\"><div class=\"vc_empty_space  height_tiny\"   style=\"height: 52px\"><span class=\"vc_empty_space_inner\"><\/span><\/div><\/div><\/div><\/div><\/div><div class=\"vc_row wpb_row vc_row-fluid\"><div class=\"wpb_column vc_column_container vc_col-sm-12 sc_layouts_column_icons_position_left\"><div class=\"vc_column-inner\"><div class=\"wpb_wrapper\"><div class=\"vc_empty_space  height_tiny\"   style=\"height: 32px\"><span class=\"vc_empty_space_inner\"><\/span><\/div><div  id=\"sc_promo_40159781\" \n\tclass=\"sc_promo sc_promo_default sc_promo_size_large sc_promo_no_paddings sc_promo_image_position_left\"><div class=\"sc_promo_image\" style=\"background-image:url(https:\/\/phenom-services.com\/wp-content\/uploads\/2020\/01\/mercedes-benz-maybach--scaled.jpg);width:50%;left: 0;\"><\/div><div class=\"sc_promo_text\" style=\"width: 50%;float: right;\">\n\t\t\t<div class=\"sc_promo_text_inner\" style=\"\"><h2 class=\"sc_item_title sc_promo_title sc_align_left sc_item_title_style_default\">Mercedes-Maybach Classe S<\/h2><div class=\"sc_item_descr sc_promo_descr sc_align_left\"><p>It has always embodied the pinnacle of automotive luxury: the legendary two-tone paint, and the perfection of exclusive mobility: this is what the Mercedes-Maybach S-Class Sedan demands. Elegance, luxury and ultra-modern comfort merge into it for a unique travel experience.<\/p>\n<\/div><div class=\"sc_promo_content sc_item_content\"><div class=\"vc_empty_space  height_large\"   style=\"height: 32px\"><span class=\"vc_empty_space_inner\"><\/span><\/div><\/div><\/div>\n\t\t<\/div><!-- \/.sc_promo_text --><\/div><!-- \/.sc_promo --><\/div><\/div><\/div><\/div><div class=\"vc_row wpb_row vc_row-fluid\"><div class=\"wpb_column vc_column_container vc_col-sm-12 sc_layouts_column_icons_position_left\"><div class=\"vc_column-inner\"><div class=\"wpb_wrapper\"><div class=\"vc_empty_space  height_large\"   style=\"height: 100px\"><span class=\"vc_empty_space_inner\"><\/span><\/div><\/div><\/div><\/div><\/div><div class=\"vc_row wpb_row vc_row-fluid\"><div class=\"wpb_column vc_column_container vc_col-sm-12 sc_layouts_column_icons_position_left\"><div class=\"vc_column-inner\"><div class=\"wpb_wrapper\"><div class=\"vc_empty_space  height_tiny\"   style=\"height: 32px\"><span class=\"vc_empty_space_inner\"><\/span><\/div><div  id=\"sc_promo_273696624\" \n\tclass=\"sc_promo sc_promo_default sc_promo_size_large sc_promo_no_paddings sc_promo_image_position_right\"><div class=\"sc_promo_image\" style=\"background-image:url(https:\/\/phenom-services.com\/wp-content\/uploads\/2022\/01\/6277707-scaled.jpg);width:50%;right: 0;\"><\/div><div class=\"sc_promo_text\" style=\"width: 50%;float: left;\">\n\t\t\t<div class=\"sc_promo_text_inner\" style=\"\"><h2 class=\"sc_item_title sc_promo_title sc_align_left sc_item_title_style_default\">Mercedes Classe S<\/h2><div class=\"sc_item_descr sc_promo_descr sc_align_left\"><p>The passengers come out much more relaxed than when they were seated on board. The unprecedented comfort promise of an S-Class<\/p>\n<p>The marriage of sporty elegance and modern luxury.<\/p>\n<\/div><div class=\"sc_promo_content sc_item_content\"><div class=\"vc_empty_space  height_large\"   style=\"height: 32px\"><span class=\"vc_empty_space_inner\"><\/span><\/div><\/div><\/div>\n\t\t<\/div><!-- \/.sc_promo_text --><\/div><!-- \/.sc_promo --><\/div><\/div><\/div><\/div><div class=\"vc_row wpb_row vc_row-fluid\"><div class=\"wpb_column vc_column_container vc_col-sm-12 sc_layouts_column_icons_position_left\"><div class=\"vc_column-inner\"><div class=\"wpb_wrapper\"><div class=\"vc_empty_space  height_large\"   style=\"height: 100px\"><span class=\"vc_empty_space_inner\"><\/span><\/div><\/div><\/div><\/div><\/div><div class=\"vc_row wpb_row vc_row-fluid\"><div class=\"wpb_column vc_column_container vc_col-sm-12 sc_layouts_column_icons_position_left\"><div class=\"vc_column-inner\"><div class=\"wpb_wrapper\"><div class=\"vc_empty_space  height_tiny\"   style=\"height: 32px\"><span class=\"vc_empty_space_inner\"><\/span><\/div><div  id=\"sc_promo_1122107954\" \n\tclass=\"sc_promo sc_promo_default sc_promo_size_large sc_promo_no_paddings sc_promo_image_position_left\"><div class=\"sc_promo_image\" style=\"background-image:url(https:\/\/phenom-services.com\/wp-content\/uploads\/2020\/01\/aaa_luxury_rent_new_mercedes_s_class_500_2013_2_0.jpg);width:50%;left: 0;\"><\/div><div class=\"sc_promo_text\" style=\"width: 50%;float: right;\">\n\t\t\t<div class=\"sc_promo_text_inner\" style=\"\"><h2 class=\"sc_item_title sc_promo_title sc_align_left sc_item_title_style_default\">Mercedes Classe E<\/h2><div class=\"sc_item_descr sc_promo_descr sc_align_left\"><p>Modern safety systems make the E-Class Sedan a vigilant companion.<\/p>\n<p>Take a seat on massage seats upon request. The E-Class Sedan welcomes you in an atmosphere of clarity and security.<\/p>\n<\/div><div class=\"sc_promo_content sc_item_content\"><div class=\"vc_empty_space  height_large\"   style=\"height: 32px\"><span class=\"vc_empty_space_inner\"><\/span><\/div><\/div><\/div>\n\t\t<\/div><!-- \/.sc_promo_text --><\/div><!-- \/.sc_promo --><\/div><\/div><\/div><\/div><div class=\"vc_row wpb_row vc_row-fluid\"><div class=\"wpb_column vc_column_container vc_col-sm-12 sc_layouts_column_icons_position_left\"><div class=\"vc_column-inner\"><div class=\"wpb_wrapper\"><div class=\"vc_empty_space  height_large\"   style=\"height: 100px\"><span class=\"vc_empty_space_inner\"><\/span><\/div><\/div><\/div><\/div><\/div><div class=\"vc_row wpb_row vc_row-fluid\"><div class=\"wpb_column vc_column_container vc_col-sm-12 sc_layouts_column_icons_position_left\"><div class=\"vc_column-inner\"><div class=\"wpb_wrapper\"><div class=\"vc_empty_space  height_tiny\"   style=\"height: 32px\"><span class=\"vc_empty_space_inner\"><\/span><\/div><div  id=\"sc_promo_1777963440\" \n\tclass=\"sc_promo sc_promo_default sc_promo_size_large sc_promo_no_paddings sc_promo_image_position_right\"><div class=\"sc_promo_image\" style=\"background-image:url(https:\/\/phenom-services.com\/wp-content\/uploads\/2020\/01\/5wcSAfruUWwPxK8cRrmOhS-2a1233cf86bbb657991838cc2706b03a-AS24_-_Mercedes_Classe_V__6_-1100.jpg);width:50%;right: 0;\"><\/div><div class=\"sc_promo_text\" style=\"width: 50%;float: left;\">\n\t\t\t<div class=\"sc_promo_text_inner\" style=\"\"><h2 class=\"sc_item_title sc_promo_title sc_align_left sc_item_title_style_default\">Mercedes Classe V<\/h2><div class=\"sc_item_descr sc_promo_descr sc_align_left\"><p>Families and professionals will be even more relaxed there. Adventure and leisure enthusiasts live each moment more intensely. Used as a shuttle, it allows its passengers to arrive safely more comfortably than ever in a vehicle with an even more accomplished style.<\/p>\n<\/div><div class=\"sc_promo_content sc_item_content\"><div class=\"vc_empty_space  height_large\"   style=\"height: 32px\"><span class=\"vc_empty_space_inner\"><\/span><\/div><\/div><\/div>\n\t\t<\/div><!-- \/.sc_promo_text --><\/div><!-- \/.sc_promo --><\/div><\/div><\/div><\/div><div class=\"vc_row wpb_row vc_row-fluid\"><div class=\"wpb_column vc_column_container vc_col-sm-12 sc_layouts_column_icons_position_left\"><div class=\"vc_column-inner\"><div class=\"wpb_wrapper\"><div class=\"vc_empty_space  height_large\"   style=\"height: 100px\"><span class=\"vc_empty_space_inner\"><\/span><\/div><\/div><\/div><\/div><\/div><div class=\"vc_row wpb_row vc_row-fluid\"><div class=\"wpb_column vc_column_container vc_col-sm-12 sc_layouts_column_icons_position_left\"><div class=\"vc_column-inner\"><div class=\"wpb_wrapper\"><div class=\"vc_empty_space  height_tiny\"   style=\"height: 32px\"><span class=\"vc_empty_space_inner\"><\/span><\/div><div  id=\"sc_promo_1391345661\" \n\tclass=\"sc_promo sc_promo_default sc_promo_size_large sc_promo_no_paddings sc_promo_image_position_left\"><div class=\"sc_promo_image\" style=\"background-image:url(https:\/\/phenom-services.com\/wp-content\/uploads\/2020\/01\/new-sprinter-transfer-teaser.jpg);width:50%;left: 0;\"><\/div><div class=\"sc_promo_text\" style=\"width: 50%;float: right;\">\n\t\t\t<div class=\"sc_promo_text_inner\" style=\"\"><h2 class=\"sc_item_title sc_promo_title sc_align_left sc_item_title_style_default\">Mercedes Minibus Sprinter<\/h2><div class=\"sc_item_descr sc_promo_descr sc_align_left\"><p>Short or long journeys, in Sprinter Transfer you feel good from the first seconds. This is primarily due to the comfort of the seats made for long distance journeys. Up to 19 passengers.<\/p>\n<\/div><div class=\"sc_promo_content sc_item_content\"><div class=\"vc_empty_space  height_large\"   style=\"height: 32px\"><span class=\"vc_empty_space_inner\"><\/span><\/div><\/div><\/div>\n\t\t<\/div><!-- \/.sc_promo_text --><\/div><!-- \/.sc_promo --><\/div><\/div><\/div><\/div><div class=\"vc_row wpb_row vc_row-fluid\"><div class=\"wpb_column vc_column_container vc_col-sm-12 sc_layouts_column_icons_position_left\"><div class=\"vc_column-inner\"><div class=\"wpb_wrapper\">\n\t<div class=\"wpb_text_column wpb_content_element\" >\n\t\t<div class=\"wpb_wrapper\">\n\t\t\t<p><\/p>\n\n\t\t<\/div>\n\t<\/div>\n<div class=\"vc_empty_space  height_large\"   style=\"height: 5.8em\"><span class=\"vc_empty_space_inner\"><\/span><\/div><\/div><\/div><\/div><\/div><div data-vc-full-width=\"true\" data-vc-full-width-init=\"false\" data-vc-stretch-content=\"true\" class=\"vc_row wpb_row vc_row-fluid wpb_animate_when_almost_visible wpb_fadeInUp fadeInUp vc_row-no-padding vc_row-o-equal-height vc_row-flex\"><div class=\"wpb_column vc_column_container vc_col-sm-3 sc_layouts_column_icons_position_left\"><div class=\"vc_column-inner\"><div class=\"wpb_wrapper\"><\/div><\/div><\/div><div class=\"wpb_column vc_column_container vc_col-sm-6 sc_layouts_column_icons_position_left\"><div class=\"vc_column-inner\"><div class=\"wpb_wrapper\">\n\t<div class=\"wpb_text_column wpb_content_element\" >\n\t\t<div class=\"wpb_wrapper\">\n\t\t\t<h2 style=\"text-align: center;\">CONTACT US<\/h2>\n\n\t\t<\/div>\n\t<\/div>\n<div class=\"vc_empty_space  height_tiny\"   style=\"height: 32px\"><span class=\"vc_empty_space_inner\"><\/span><\/div>\n<div class=\"wpcf7 no-js\" id=\"wpcf7-f946-o1\" lang=\"en-US\" dir=\"ltr\">\n<div class=\"screen-reader-response\"><p role=\"status\" aria-live=\"polite\" aria-atomic=\"true\"><\/p> <ul><\/ul><\/div>\n<form action=\"\/en\/wp-json\/wp\/v2\/pages\/814#wpcf7-f946-o1\" method=\"post\" class=\"wpcf7-form init\" aria-label=\"Contact form\" novalidate=\"novalidate\" data-status=\"init\" data-trp-original-action=\"\/en\/wp-json\/wp\/v2\/pages\/814#wpcf7-f946-o1\">\n<div style=\"display: none;\">\n<input type=\"hidden\" name=\"_wpcf7\" value=\"946\" \/>\n<input type=\"hidden\" name=\"_wpcf7_version\" value=\"5.7.5.1\" \/>\n<input type=\"hidden\" name=\"_wpcf7_locale\" value=\"en_US\" \/>\n<input type=\"hidden\" name=\"_wpcf7_unit_tag\" value=\"wpcf7-f946-o1\" \/>\n<input type=\"hidden\" name=\"_wpcf7_container_post\" value=\"0\" \/>\n<input type=\"hidden\" name=\"_wpcf7_posted_data_hash\" value=\"\" \/>\n<\/div>\n<div class=\"flex\">\n\t<div class='itm row' >\n\t\t<p><span class=\"wpcf7-form-control-wrap\" data-name=\"your-name\"><input size=\"40\" class=\"wpcf7-form-control wpcf7-text wpcf7-validates-as-required\" aria-required=\"true\" aria-invalid=\"false\" placeholder=\"&nbsp;Last name*\" value=\"\" type=\"text\" name=\"your-name\" \/><\/span>\n\t\t<\/p>\n\t<\/div>\n\t<div class='itm row'>\n\t\t<p><span class=\"wpcf7-form-control-wrap\" data-name=\"your-email\"><input size=\"40\" class=\"wpcf7-form-control wpcf7-text wpcf7-validates-as-required\" aria-required=\"true\" aria-invalid=\"false\" placeholder=\"&nbsp;First name*\" value=\"\" type=\"text\" name=\"your-email\" \/><\/span>\n\t\t<\/p>\n\t<\/div>\n<\/div>\n<div class='itm row'>\n\t<p><span class=\"wpcf7-form-control-wrap\" data-name=\"email\"><input size=\"40\" class=\"wpcf7-form-control wpcf7-text\" aria-invalid=\"false\" placeholder=\"&nbsp;email\" value=\"\" type=\"text\" name=\"email\" \/><\/span>\n\t<\/p>\n<\/div>\n<div class='itm row'>\n\t<p><span class=\"wpcf7-form-control-wrap\" data-name=\"SERVICEDELIMOUSINE\"><select class=\"wpcf7-form-control wpcf7-select\" aria-invalid=\"false\" name=\"SERVICEDELIMOUSINE\"><option value=\"\">&#8212;Please choose an option&#8212;<\/option><option value=\"Mercedes-Maybach Classe S\">Mercedes-Maybach Classe S<\/option><option value=\"Mercedes Classe V\">Mercedes Classe V<\/option><option value=\"Mercedes Minibus Sprinter\">Mercedes Minibus Sprinter<\/option><option value=\"Mercedes Classe S\">Mercedes Classe S<\/option><option value=\"Mercedes Classe E\">Mercedes Classe E<\/option><\/select><\/span>\n\t<\/p>\n\t<div class=''>\n\t\t<p><span class=\"wpcf7-form-control-wrap\" data-name=\"your-message\"><textarea cols=\"40\" rows=\"10\" class=\"wpcf7-form-control wpcf7-textarea wpcf7-validates-as-required\" aria-required=\"true\" aria-invalid=\"false\" placeholder=\"&nbsp;Your message*\" name=\"your-message\"><\/textarea><\/span>\n\t\t<\/p>\n\t<\/div>\n\t<div class=\"sc_form_field sc_form_field_button sc_form_field_submit\">\n\t\t<p><input class=\"wpcf7-form-control has-spinner wpcf7-submit\" type=\"submit\" value=\"Send\" \/>\n\t\t<\/p>\n\t<\/div>\n<\/div><div class=\"wpcf7-response-output\" aria-hidden=\"true\"><\/div>\n<input type=\"hidden\" name=\"trp-form-language\" value=\"en\"\/><\/form>\n<\/div>\n<\/div><\/div><\/div><div class=\"wpb_column vc_column_container vc_col-sm-3 sc_layouts_column_icons_position_left\"><div class=\"vc_column-inner\"><div class=\"wpb_wrapper\"><\/div><\/div><\/div><\/div><div class=\"vc_row-full-width vc_clearfix\"><\/div><div class=\"wpb_column vc_column_container vc_col-sm-12 sc_layouts_column_icons_position_left\"><div class=\"vc_column-inner\"><div class=\"wpb_wrapper\"><\/div><\/div><\/div>","protected":false},"excerpt":{"rendered":"NOTRE SERVICELe service de limousine avec chauffeur vous propose plusieurs services tels que le transfert d\u2019un point \u00e0 un autre, un chauffeur mis \u00e0 disposition et le service de navette. Nos chauffeurs professionnels ont une exp\u00e9rience de plusieurs ann\u00e9es permettant ainsi de satisfaire toutes vos attentes. Nos limousines vous assurent un confort in\u00e9galable et un trajet agr\u00e9able. De plus, tous&hellip;","protected":false},"author":1,"featured_media":0,"parent":0,"menu_order":0,"comment_status":"closed","ping_status":"closed","template":"","meta":{"_mi_skip_tracking":false},"yoast_head":"<!-- This site is optimized with the Yoast SEO plugin v20.3 - https:\/\/yoast.com\/wordpress\/plugins\/seo\/ -->\n<title>SERVICE DE LIMOUSINE - PHENOM<\/title>\n<meta name=\"robots\" content=\"index, follow, max-snippet:-1, max-image-preview:large, max-video-preview:-1\" \/>\n<link rel=\"canonical\" href=\"https:\/\/phenom-services.com\/en\/service-de-limousine\/\" \/>\n<meta property=\"og:locale\" content=\"en_US\" \/>\n<meta property=\"og:type\" content=\"article\" \/>\n<meta property=\"og:title\" content=\"SERVICE DE LIMOUSINE - PHENOM\" \/>\n<meta property=\"og:url\" content=\"https:\/\/phenom-services.com\/en\/service-de-limousine\/\" \/>\n<meta property=\"og:site_name\" content=\"PHENOM\" \/>\n<meta property=\"article:publisher\" content=\"https:\/\/www.facebook.com\/phenom.gva\/\" \/>\n<meta property=\"article:modified_time\" content=\"2022-01-03T19:38:30+00:00\" \/>\n<meta name=\"twitter:card\" content=\"summary_large_image\" \/>\n<meta name=\"twitter:label1\" content=\"Est. reading time\" \/>\n\t<meta name=\"twitter:data1\" content=\"4 minutes\" \/>\n<script type=\"application\/ld+json\" class=\"yoast-schema-graph\">{\"@context\":\"https:\/\/schema.org\",\"@graph\":[{\"@type\":\"WebPage\",\"@id\":\"https:\/\/phenom-services.com\/en\/service-de-limousine\/\",\"url\":\"https:\/\/phenom-services.com\/en\/service-de-limousine\/\",\"name\":\"SERVICE DE LIMOUSINE - PHENOM\",\"isPartOf\":{\"@id\":\"https:\/\/phenom-services.com\/#website\"},\"datePublished\":\"2020-01-07T15:20:21+00:00\",\"dateModified\":\"2022-01-03T19:38:30+00:00\",\"breadcrumb\":{\"@id\":\"https:\/\/phenom-services.com\/en\/service-de-limousine\/#breadcrumb\"},\"inLanguage\":\"en-US\",\"potentialAction\":[{\"@type\":\"ReadAction\",\"target\":[\"https:\/\/phenom-services.com\/en\/service-de-limousine\/\"]}]},{\"@type\":\"BreadcrumbList\",\"@id\":\"https:\/\/phenom-services.com\/en\/service-de-limousine\/#breadcrumb\",\"itemListElement\":[{\"@type\":\"ListItem\",\"position\":1,\"name\":\"Accueil\",\"item\":\"https:\/\/phenom-services.com\/\"},{\"@type\":\"ListItem\",\"position\":2,\"name\":\"SERVICE DE LIMOUSINE\"}]},{\"@type\":\"WebSite\",\"@id\":\"https:\/\/phenom-services.com\/#website\",\"url\":\"https:\/\/phenom-services.com\/\",\"name\":\"PHENOM\",\"description\":\"\",\"publisher\":{\"@id\":\"https:\/\/phenom-services.com\/#organization\"},\"potentialAction\":[{\"@type\":\"SearchAction\",\"target\":{\"@type\":\"EntryPoint\",\"urlTemplate\":\"https:\/\/phenom-services.com\/?s={search_term_string}\"},\"query-input\":\"required name=search_term_string\"}],\"inLanguage\":\"en-US\"},{\"@type\":\"Organization\",\"@id\":\"https:\/\/phenom-services.com\/#organization\",\"name\":\"Phenom\",\"url\":\"https:\/\/phenom-services.com\/\",\"logo\":{\"@type\":\"ImageObject\",\"inLanguage\":\"en-US\",\"@id\":\"https:\/\/phenom-services.com\/#\/schema\/logo\/image\/\",\"url\":\"https:\/\/phenom-services.com\/wp-content\/uploads\/2020\/01\/phenom-1000.jpg\",\"contentUrl\":\"https:\/\/phenom-services.com\/wp-content\/uploads\/2020\/01\/phenom-1000.jpg\",\"width\":1000,\"height\":1000,\"caption\":\"Phenom\"},\"image\":{\"@id\":\"https:\/\/phenom-services.com\/#\/schema\/logo\/image\/\"},\"sameAs\":[\"https:\/\/www.facebook.com\/phenom.gva\/\",\"https:\/\/www.instagram.com\/phenom_gva\/\"]}]}<\/script>\n<!-- \/ Yoast SEO plugin. -->","yoast_head_json":{"title":"SERVICE DE LIMOUSINE - PHENOM","robots":{"index":"index","follow":"follow","max-snippet":"max-snippet:-1","max-image-preview":"max-image-preview:large","max-video-preview":"max-video-preview:-1"},"canonical":"https:\/\/phenom-services.com\/en\/service-de-limousine\/","og_locale":"en_US","og_type":"article","og_title":"SERVICE DE LIMOUSINE - PHENOM","og_url":"https:\/\/phenom-services.com\/en\/service-de-limousine\/","og_site_name":"PHENOM","article_publisher":"https:\/\/www.facebook.com\/phenom.gva\/","article_modified_time":"2022-01-03T19:38:30+00:00","twitter_card":"summary_large_image","twitter_misc":{"Est. reading time":"4 minutes"},"schema":{"@context":"https:\/\/schema.org","@graph":[{"@type":"WebPage","@id":"https:\/\/phenom-services.com\/en\/service-de-limousine\/","url":"https:\/\/phenom-services.com\/en\/service-de-limousine\/","name":"SERVICE DE LIMOUSINE - PHENOM","isPartOf":{"@id":"https:\/\/phenom-services.com\/#website"},"datePublished":"2020-01-07T15:20:21+00:00","dateModified":"2022-01-03T19:38:30+00:00","breadcrumb":{"@id":"https:\/\/phenom-services.com\/en\/service-de-limousine\/#breadcrumb"},"inLanguage":"en-US","potentialAction":[{"@type":"ReadAction","target":["https:\/\/phenom-services.com\/en\/service-de-limousine\/"]}]},{"@type":"BreadcrumbList","@id":"https:\/\/phenom-services.com\/en\/service-de-limousine\/#breadcrumb","itemListElement":[{"@type":"ListItem","position":1,"name":"Accueil","item":"https:\/\/phenom-services.com\/"},{"@type":"ListItem","position":2,"name":"SERVICE DE LIMOUSINE"}]},{"@type":"WebSite","@id":"https:\/\/phenom-services.com\/#website","url":"https:\/\/phenom-services.com\/","name":"PHENOM","description":"","publisher":{"@id":"https:\/\/phenom-services.com\/#organization"},"potentialAction":[{"@type":"SearchAction","target":{"@type":"EntryPoint","urlTemplate":"https:\/\/phenom-services.com\/?s={search_term_string}"},"query-input":"required name=search_term_string"}],"inLanguage":"en-US"},{"@type":"Organization","@id":"https:\/\/phenom-services.com\/#organization","name":"Phenom","url":"https:\/\/phenom-services.com\/","logo":{"@type":"ImageObject","inLanguage":"en-US","@id":"https:\/\/phenom-services.com\/#\/schema\/logo\/image\/","url":"https:\/\/phenom-services.com\/wp-content\/uploads\/2020\/01\/phenom-1000.jpg","contentUrl":"https:\/\/phenom-services.com\/wp-content\/uploads\/2020\/01\/phenom-1000.jpg","width":1000,"height":1000,"caption":"Phenom"},"image":{"@id":"https:\/\/phenom-services.com\/#\/schema\/logo\/image\/"},"sameAs":["https:\/\/www.facebook.com\/phenom.gva\/","https:\/\/www.instagram.com\/phenom_gva\/"]}]}},"_links":{"self":[{"href":"https:\/\/phenom-services.com\/en\/wp-json\/wp\/v2\/pages\/814"}],"collection":[{"href":"https:\/\/phenom-services.com\/en\/wp-json\/wp\/v2\/pages"}],"about":[{"href":"https:\/\/phenom-services.com\/en\/wp-json\/wp\/v2\/types\/page"}],"author":[{"embeddable":true,"href":"https:\/\/phenom-services.com\/en\/wp-json\/wp\/v2\/users\/1"}],"replies":[{"embeddable":true,"href":"https:\/\/phenom-services.com\/en\/wp-json\/wp\/v2\/comments?post=814"}],"version-history":[{"count":29,"href":"https:\/\/phenom-services.com\/en\/wp-json\/wp\/v2\/pages\/814\/revisions"}],"predecessor-version":[{"id":1106,"href":"https:\/\/phenom-services.com\/en\/wp-json\/wp\/v2\/pages\/814\/revisions\/1106"}],"wp:attachment":[{"href":"https:\/\/phenom-services.com\/en\/wp-json\/wp\/v2\/media?parent=814"}],"curies":[{"name":"wp","href":"https:\/\/api.w.org\/{rel}","templated":true}]}}