{"id":335,"date":"2017-03-15T15:39:32","date_gmt":"2017-03-15T15:39:32","guid":{"rendered":"http:\/\/christine-miller.dv.themerex.net\/?page_id=259"},"modified":"2023-03-24T15:22:53","modified_gmt":"2023-03-24T14:22:53","slug":"conciergerie-privee","status":"publish","type":"page","link":"https:\/\/phenom-services.com\/en\/conciergerie-privee\/","title":{"rendered":"PRIVATE CONCIERGE"},"content":{"rendered":"<div class=\"vc_row wpb_row vc_row-fluid\"><div class=\"wpb_column vc_column_container vc_col-sm-12 sc_layouts_column_icons_position_left\"><div class=\"vc_column-inner\"><div class=\"wpb_wrapper\"><div class=\"vc_empty_space  height_huge\"   style=\"height: 120px\"><span class=\"vc_empty_space_inner\"><\/span><\/div><\/div><\/div><\/div><\/div><div data-vc-full-width=\"true\" data-vc-full-width-init=\"false\" data-vc-stretch-content=\"true\" class=\"vc_row wpb_row vc_row-fluid wpb_animate_when_almost_visible wpb_fadeInLeft fadeInLeft vc_custom_1578530069851 vc_row-has-fill vc_row-no-padding vc_row-o-equal-height vc_row-o-content-middle vc_row-flex\"><div class=\"wpb_column vc_column_container vc_col-sm-6 vc_col-has-fill sc_layouts_column_icons_position_left\"><div class=\"vc_column-inner vc_custom_1578580973238\"><div class=\"wpb_wrapper\"><div class=\"vc_empty_space\"   style=\"height: 25em\"><span class=\"vc_empty_space_inner\"><\/span><\/div><\/div><\/div><\/div><div class=\"wpb_column vc_column_container vc_col-sm-6 vc_col-has-fill sc_layouts_column_icons_position_left\"><div class=\"vc_column-inner vc_custom_1578530147788\"><div class=\"wpb_wrapper\"><div id=\"sc_content_1930522705\"\n\t\tclass=\"sc_content sc_content_default sc_float_center sc_margin_medium\"><div class=\"sc_content_container\"><div id=\"sc_title_1284921716\"\n\t\tclass=\"sc_title sc_title_default\"><h6 class=\"sc_item_subtitle sc_title_subtitle sc_align_left sc_item_title_style_default\">OUR SERVICES<\/h6><h3 class=\"sc_item_title sc_title_title sc_align_left sc_item_title_style_default\">PRIVATE CONCIERGE<\/h3><\/div><!-- \/.sc_title --><div class=\"vc_empty_space  height_tiny\"   style=\"height: 32px\"><span class=\"vc_empty_space_inner\"><\/span><\/div>\n\t<div class=\"wpb_text_column wpb_content_element\" >\n\t\t<div class=\"wpb_wrapper\">\n\t\t\t<ul>\n<li>Event management<\/li>\n<li>\n<div>Personal shopping<\/div>\n<\/li>\n<li>\n<div>Hotel booking<\/div>\n<\/li>\n<li>\n<div>Medical stay<\/div>\n<\/li>\n<\/ul>\n\n\t\t<\/div>\n\t<\/div>\n<\/div><\/div><!-- \/.sc_content --><\/div><\/div><\/div><\/div><div class=\"vc_row-full-width vc_clearfix\"><\/div><div class=\"vc_row wpb_row vc_row-fluid wpb_animate_when_almost_visible wpb_fadeInRight fadeInRight\"><div class=\"wpb_column vc_column_container vc_col-sm-12 sc_layouts_column_icons_position_left\"><div class=\"vc_column-inner\"><div class=\"wpb_wrapper\"><div class=\"vc_empty_space\"   style=\"height: 7.5em\"><span class=\"vc_empty_space_inner\"><\/span><\/div><div  id=\"sc_promo_116490337\" \n\tclass=\"sc_promo sc_promo_default sc_promo_size_large sc_promo_no_paddings sc_promo_image_position_right\"><div class=\"sc_promo_image\" style=\"background-image:url(https:\/\/phenom-services.com\/wp-content\/uploads\/2020\/01\/cojbhvg.jpg);width:41%;right: 0;\"><\/div><div class=\"sc_promo_text\" style=\"width: 59%;float: left;\">\n\t\t\t<div class=\"sc_promo_text_inner\" style=\"\"><h6 class=\"sc_item_subtitle sc_promo_subtitle sc_align_left sc_item_title_style_default\">PRIVATE CONCIERGE<\/h6><h1 class=\"sc_item_title sc_promo_title sc_align_left sc_item_title_style_default sc_item_title_tag\">Event management<\/h1><div class=\"sc_item_descr sc_promo_descr sc_align_left\"><p>If you want to organize a birthday, a wedding, an engagement, a conference, a meeting or a corporate event, the Phenom team guarantees to manage all the preparations for your evening to go as you would imagine . Nothing is impossible for us, whatever your expectations, we will respond with excellence.<\/p>\n<\/div><div class=\"sc_promo_content sc_item_content\"><div class=\"vc_empty_space  height_tiny\"   style=\"height: 32px\"><span class=\"vc_empty_space_inner\"><\/span><\/div><\/div><\/div>\n\t\t<\/div><!-- \/.sc_promo_text --><\/div><!-- \/.sc_promo --><div class=\"vc_empty_space\"   style=\"height: 7.5em\"><span class=\"vc_empty_space_inner\"><\/span><\/div><\/div><\/div><\/div><\/div><div class=\"vc_row wpb_row vc_row-fluid wpb_animate_when_almost_visible wpb_fadeInRight fadeInRight\"><div class=\"wpb_column vc_column_container vc_col-sm-12 sc_layouts_column_icons_position_left\"><div class=\"vc_column-inner\"><div class=\"wpb_wrapper\"><div class=\"vc_empty_space\"   style=\"height: 7.5em\"><span class=\"vc_empty_space_inner\"><\/span><\/div><div  id=\"sc_promo_1657741464\" \n\tclass=\"sc_promo sc_promo_default sc_promo_size_large sc_promo_no_paddings sc_promo_image_position_left\"><div class=\"sc_promo_image\" style=\"background-image:url(https:\/\/phenom-services.com\/wp-content\/uploads\/2020\/01\/Sans-oltitre-1.jpg);width:41%;left: 0;\"><\/div><div class=\"sc_promo_text\" style=\"width: 59%;float: right;\">\n\t\t\t<div class=\"sc_promo_text_inner\" style=\"\"><h6 class=\"sc_item_subtitle sc_promo_subtitle sc_align_left sc_item_title_style_default\">PRIVATE CONCIERGE<\/h6><h1 class=\"sc_item_title sc_promo_title sc_align_left sc_item_title_style_default sc_item_title_tag\">Personal shopping<\/h1><div class=\"sc_item_descr sc_promo_descr sc_align_left\"><p>Any exceptional or standard request in the field of watchmaking, jewelry or luxury ready-to-wear can be made. Our extensive network allows us to process your request and fulfill your most extravagant wishes.<\/p>\n<\/div><div class=\"sc_promo_content sc_item_content\"><div class=\"vc_empty_space  height_tiny\"   style=\"height: 32px\"><span class=\"vc_empty_space_inner\"><\/span><\/div><\/div><\/div>\n\t\t<\/div><!-- \/.sc_promo_text --><\/div><!-- \/.sc_promo --><div class=\"vc_empty_space\"   style=\"height: 7.5em\"><span class=\"vc_empty_space_inner\"><\/span><\/div><\/div><\/div><\/div><\/div><div class=\"vc_row wpb_row vc_row-fluid wpb_animate_when_almost_visible wpb_fadeInRight fadeInRight\"><div class=\"wpb_column vc_column_container vc_col-sm-12 sc_layouts_column_icons_position_left\"><div class=\"vc_column-inner\"><div class=\"wpb_wrapper\"><div class=\"vc_empty_space\"   style=\"height: 7.5em\"><span class=\"vc_empty_space_inner\"><\/span><\/div><div  id=\"sc_promo_530744883\" \n\tclass=\"sc_promo sc_promo_default sc_promo_size_large sc_promo_no_paddings sc_promo_image_position_right\"><div class=\"sc_promo_image\" style=\"background-image:url(https:\/\/phenom-services.com\/wp-content\/uploads\/2020\/01\/Sanchs-titre-1.jpg);width:41%;right: 0;\"><\/div><div class=\"sc_promo_text\" style=\"width: 59%;float: left;\">\n\t\t\t<div class=\"sc_promo_text_inner\" style=\"\"><h6 class=\"sc_item_subtitle sc_promo_subtitle sc_align_left sc_item_title_style_default\">PRIVATE CONCIERGE<\/h6><h1 class=\"sc_item_title sc_promo_title sc_align_left sc_item_title_style_default sc_item_title_tag\">Hotel booking<\/h1><div class=\"sc_item_descr sc_promo_descr sc_align_left\"><p>Sharing a relationship of trust based on several years with the most prestigious hotels in Switzerland, we offer you the opportunity to stay in every corner of Switzerland, whether Geneva, Z\u00fcrich, Interlaken, Gstaadt or even in a chalet to take advantage of mountains. We take care of putting in place all the necessary preparations so that your stay goes perfectly. Your well-being is our satisfaction.<\/p>\n<\/div><div class=\"sc_promo_content sc_item_content\"><div class=\"vc_empty_space  height_tiny\"   style=\"height: 32px\"><span class=\"vc_empty_space_inner\"><\/span><\/div><\/div><\/div>\n\t\t<\/div><!-- \/.sc_promo_text --><\/div><!-- \/.sc_promo --><div class=\"vc_empty_space\"   style=\"height: 7.5em\"><span class=\"vc_empty_space_inner\"><\/span><\/div><\/div><\/div><\/div><\/div><div class=\"vc_row wpb_row vc_row-fluid wpb_animate_when_almost_visible wpb_fadeInRight fadeInRight\"><div class=\"wpb_column vc_column_container vc_col-sm-12 sc_layouts_column_icons_position_left\"><div class=\"vc_column-inner\"><div class=\"wpb_wrapper\"><div class=\"vc_empty_space\"   style=\"height: 7.5em\"><span class=\"vc_empty_space_inner\"><\/span><\/div><div  id=\"sc_promo_1712749752\" \n\tclass=\"sc_promo sc_promo_default sc_promo_size_large sc_promo_no_paddings sc_promo_image_position_left\"><div class=\"sc_promo_image\" style=\"background-image:url(https:\/\/phenom-services.com\/wp-content\/uploads\/2020\/01\/jk.jpg);width:41%;left: 0;\"><\/div><div class=\"sc_promo_text\" style=\"width: 59%;float: right;\">\n\t\t\t<div class=\"sc_promo_text_inner\" style=\"\"><h6 class=\"sc_item_subtitle sc_promo_subtitle sc_align_left sc_item_title_style_default\">PRIVATE CONCIERGE<\/h6><h1 class=\"sc_item_title sc_promo_title sc_align_left sc_item_title_style_default sc_item_title_tag\">Medical stay<\/h1><div class=\"sc_item_descr sc_promo_descr sc_align_left\"><p>For over 20 years, we have shared a relationship of trust with the largest clinics in Switzerland. The health of our customers is as important to us as their wishes. Therefore, our team ensures that you benefit from all the necessary quality medical services, thus ensuring your good health and well-being.<\/p>\n<\/div><div class=\"sc_promo_content sc_item_content\"><div class=\"vc_empty_space  height_tiny\"   style=\"height: 32px\"><span class=\"vc_empty_space_inner\"><\/span><\/div><\/div><\/div>\n\t\t<\/div><!-- \/.sc_promo_text --><\/div><!-- \/.sc_promo --><div class=\"vc_empty_space\"   style=\"height: 7.5em\"><span class=\"vc_empty_space_inner\"><\/span><\/div><\/div><\/div><\/div><\/div><div data-vc-full-width=\"true\" data-vc-full-width-init=\"false\" class=\"vc_row wpb_row vc_row-fluid wpb_animate_when_almost_visible wpb_fadeIn fadeIn vc_custom_1578529779273 vc_row-has-fill scheme_dark\"><div class=\"wpb_column vc_column_container vc_col-sm-12 sc_layouts_column_icons_position_left\"><div class=\"vc_column-inner\"><div class=\"wpb_wrapper\"><div class=\"vc_empty_space\"   style=\"height: 5.6em\"><span class=\"vc_empty_space_inner\"><\/span><\/div>\n\t<div class=\"wpb_text_column wpb_content_element\" >\n\t\t<div class=\"wpb_wrapper\">\n\t\t\t<h4 style=\"font-weight: 300; text-align: center;\">We remain at your disposal.<\/h4>\n\n\t\t<\/div>\n\t<\/div>\n<div class=\"vc_empty_space\"   style=\"height: 2.3em\"><span class=\"vc_empty_space_inner\"><\/span><\/div>\n\t<div class=\"wpb_text_column wpb_content_element\" >\n\t\t<div class=\"wpb_wrapper\">\n\t\t\t<h4 class=\"big\" style=\"text-align: center;\">+41 22 901 18 88<\/h4>\n\n\t\t<\/div>\n\t<\/div>\n<div class=\"vc_empty_space\"   style=\"height: 5.8em\"><span class=\"vc_empty_space_inner\"><\/span><\/div><\/div><\/div><\/div><\/div><div class=\"vc_row-full-width vc_clearfix\"><\/div><div data-vc-full-width=\"true\" data-vc-full-width-init=\"false\" class=\"vc_row wpb_row vc_row-fluid wpb_animate_when_almost_visible wpb_fadeIn fadeIn scheme_default\"><div class=\"wpb_column vc_column_container vc_col-sm-3 sc_layouts_column_icons_position_left\"><div class=\"vc_column-inner\"><div class=\"wpb_wrapper\"><\/div><\/div><\/div><div class=\"wpb_column vc_column_container vc_col-sm-6 sc_layouts_column_icons_position_left scheme_default\"><div class=\"vc_column-inner\"><div class=\"wpb_wrapper\"><div class=\"vc_empty_space  height_tiny\"   style=\"height: 32px\"><span class=\"vc_empty_space_inner\"><\/span><\/div>\n\t<div class=\"wpb_text_column wpb_content_element  scheme_default\" >\n\t\t<div class=\"wpb_wrapper\">\n\t\t\t<h2>CONTACT US<\/h2>\n\n\t\t<\/div>\n\t<\/div>\n<div class=\"vc_empty_space  height_tiny\"   style=\"height: 32px\"><span class=\"vc_empty_space_inner\"><\/span><\/div>\n<div class=\"wpcf7 no-js\" id=\"wpcf7-f940-o1\" lang=\"en-US\" dir=\"ltr\">\n<div class=\"screen-reader-response\"><p role=\"status\" aria-live=\"polite\" aria-atomic=\"true\"><\/p> <ul><\/ul><\/div>\n<form action=\"\/en\/wp-json\/wp\/v2\/pages\/335#wpcf7-f940-o1\" method=\"post\" class=\"wpcf7-form init\" aria-label=\"Contact form\" novalidate=\"novalidate\" data-status=\"init\" data-trp-original-action=\"\/en\/wp-json\/wp\/v2\/pages\/335#wpcf7-f940-o1\">\n<div style=\"display: none;\">\n<input type=\"hidden\" name=\"_wpcf7\" value=\"940\" \/>\n<input type=\"hidden\" name=\"_wpcf7_version\" value=\"5.7.5.1\" \/>\n<input type=\"hidden\" name=\"_wpcf7_locale\" value=\"en_US\" \/>\n<input type=\"hidden\" name=\"_wpcf7_unit_tag\" value=\"wpcf7-f940-o1\" \/>\n<input type=\"hidden\" name=\"_wpcf7_container_post\" value=\"0\" \/>\n<input type=\"hidden\" name=\"_wpcf7_posted_data_hash\" value=\"\" \/>\n<\/div>\n<div class=\"flex\">\n\t<div class='itm row' >\n\t\t<p><span class=\"wpcf7-form-control-wrap\" data-name=\"your-name\"><input size=\"40\" class=\"wpcf7-form-control wpcf7-text wpcf7-validates-as-required\" aria-required=\"true\" aria-invalid=\"false\" placeholder=\"&nbsp;Last name*\" value=\"\" type=\"text\" name=\"your-name\" \/><\/span>\n\t\t<\/p>\n\t<\/div>\n\t<div class='itm row'>\n\t\t<p><span class=\"wpcf7-form-control-wrap\" data-name=\"your-email\"><input size=\"40\" class=\"wpcf7-form-control wpcf7-text wpcf7-validates-as-required\" aria-required=\"true\" aria-invalid=\"false\" placeholder=\"&nbsp;First name*\" value=\"\" type=\"text\" name=\"your-email\" \/><\/span>\n\t\t<\/p>\n\t<\/div>\n<\/div>\n<div class='itm row'>\n\t<p><span class=\"wpcf7-form-control-wrap\" data-name=\"email\"><input size=\"40\" class=\"wpcf7-form-control wpcf7-text\" aria-invalid=\"false\" placeholder=\"&nbsp;email\" value=\"\" type=\"text\" name=\"email\" \/><\/span>\n\t<\/p>\n<\/div>\n<p><span class=\"wpcf7-form-control-wrap\" data-name=\"Objet\"><select class=\"wpcf7-form-control wpcf7-select wpcf7-validates-as-required\" aria-required=\"true\" aria-invalid=\"false\" name=\"Objet\"><option value=\"Gestion d\u2019\u00e9v\u00e9nement\">Event management<\/option><option value=\"Achats personnels\">Personal shopping<\/option><option value=\"R\u00e9servation h\u00f4tel\">Hotel booking<\/option><option value=\"S\u00e9jour m\u00e9dical\">Medical stay<\/option><\/select><\/span>\n<\/p>\n<div class=''>\n\t<p><span class=\"wpcf7-form-control-wrap\" data-name=\"your-message\"><textarea cols=\"40\" rows=\"10\" class=\"wpcf7-form-control wpcf7-textarea wpcf7-validates-as-required\" aria-required=\"true\" aria-invalid=\"false\" placeholder=\"&nbsp;Your message*\" name=\"your-message\"><\/textarea><\/span>\n\t<\/p>\n<\/div>\n<div class=\"sc_form_field sc_form_field_button sc_form_field_submit\">\n\t<p><input class=\"wpcf7-form-control has-spinner wpcf7-submit\" type=\"submit\" value=\"Send\" \/>\n\t<\/p>\n<\/div><div class=\"wpcf7-response-output\" aria-hidden=\"true\"><\/div>\n<input type=\"hidden\" name=\"trp-form-language\" value=\"en\"\/><\/form>\n<\/div>\n<\/div><\/div><\/div><div class=\"wpb_column vc_column_container vc_col-sm-3 sc_layouts_column_icons_position_left\"><div class=\"vc_column-inner\"><div class=\"wpb_wrapper\"><\/div><\/div><\/div><\/div><div class=\"vc_row-full-width vc_clearfix\"><\/div><div class=\"wpb_column vc_column_container vc_col-sm-12 sc_layouts_column_icons_position_left\"><div class=\"vc_column-inner\"><div class=\"wpb_wrapper\"><\/div><\/div><\/div>","protected":false},"excerpt":{"rendered":"NOS SERVICESCONCIERGERIE PRIV\u00c9E Gestion d\u2019\u00e9v\u00e9nement Achats personnels R\u00e9servation h\u00f4tel S\u00e9jour m\u00e9dical CONCIERGERIE PRIV\u00c9EGestion d\u2019\u00e9v\u00e9nementSi vous souhaitez organiser un anniversaire, un mariage, des fian\u00e7ailles, une conf\u00e9rence, une r\u00e9union ou un \u00e9v\u00e8nement d\u2019entreprise, l\u2019\u00e9quipe de Phenom se porte garant de g\u00e9rer tous les pr\u00e9paratifs pour que votre soir\u00e9e se d\u00e9roule tel que vous l\u2019imagineriez. Rien n\u2019est impossible pour nous, quelles que soit&hellip;","protected":false},"author":2,"featured_media":0,"parent":0,"menu_order":0,"comment_status":"closed","ping_status":"closed","template":"","meta":{"_mi_skip_tracking":false},"yoast_head":"<!-- This site is optimized with the Yoast SEO plugin v20.3 - https:\/\/yoast.com\/wordpress\/plugins\/seo\/ -->\n<title>CONCIERGERIE PRIV\u00c9E - PHENOM<\/title>\n<meta name=\"robots\" content=\"index, follow, max-snippet:-1, max-image-preview:large, max-video-preview:-1\" \/>\n<link rel=\"canonical\" href=\"https:\/\/phenom-services.com\/en\/conciergerie-privee\/\" \/>\n<meta property=\"og:locale\" content=\"en_US\" \/>\n<meta property=\"og:type\" content=\"article\" \/>\n<meta property=\"og:title\" content=\"CONCIERGERIE PRIV\u00c9E - PHENOM\" \/>\n<meta property=\"og:url\" content=\"https:\/\/phenom-services.com\/en\/conciergerie-privee\/\" \/>\n<meta property=\"og:site_name\" content=\"PHENOM\" \/>\n<meta property=\"article:publisher\" content=\"https:\/\/www.facebook.com\/phenom.gva\/\" \/>\n<meta property=\"article:modified_time\" content=\"2023-03-24T14:22:53+00:00\" \/>\n<meta name=\"twitter:card\" content=\"summary_large_image\" \/>\n<meta name=\"twitter:label1\" content=\"Est. reading time\" \/>\n\t<meta name=\"twitter:data1\" content=\"2 minutes\" \/>\n<script type=\"application\/ld+json\" class=\"yoast-schema-graph\">{\"@context\":\"https:\/\/schema.org\",\"@graph\":[{\"@type\":\"WebPage\",\"@id\":\"https:\/\/phenom-services.com\/conciergerie-privee\/\",\"url\":\"https:\/\/phenom-services.com\/conciergerie-privee\/\",\"name\":\"CONCIERGERIE PRIV\u00c9E - PHENOM\",\"isPartOf\":{\"@id\":\"https:\/\/phenom-services.com\/#website\"},\"datePublished\":\"2017-03-15T15:39:32+00:00\",\"dateModified\":\"2023-03-24T14:22:53+00:00\",\"breadcrumb\":{\"@id\":\"https:\/\/phenom-services.com\/conciergerie-privee\/#breadcrumb\"},\"inLanguage\":\"en-US\",\"potentialAction\":[{\"@type\":\"ReadAction\",\"target\":[\"https:\/\/phenom-services.com\/conciergerie-privee\/\"]}]},{\"@type\":\"BreadcrumbList\",\"@id\":\"https:\/\/phenom-services.com\/conciergerie-privee\/#breadcrumb\",\"itemListElement\":[{\"@type\":\"ListItem\",\"position\":1,\"name\":\"Accueil\",\"item\":\"https:\/\/phenom-services.com\/\"},{\"@type\":\"ListItem\",\"position\":2,\"name\":\"CONCIERGERIE PRIV\u00c9E\"}]},{\"@type\":\"WebSite\",\"@id\":\"https:\/\/phenom-services.com\/#website\",\"url\":\"https:\/\/phenom-services.com\/\",\"name\":\"PHENOM\",\"description\":\"\",\"publisher\":{\"@id\":\"https:\/\/phenom-services.com\/#organization\"},\"potentialAction\":[{\"@type\":\"SearchAction\",\"target\":{\"@type\":\"EntryPoint\",\"urlTemplate\":\"https:\/\/phenom-services.com\/?s={search_term_string}\"},\"query-input\":\"required name=search_term_string\"}],\"inLanguage\":\"en-US\"},{\"@type\":\"Organization\",\"@id\":\"https:\/\/phenom-services.com\/#organization\",\"name\":\"Phenom\",\"url\":\"https:\/\/phenom-services.com\/\",\"logo\":{\"@type\":\"ImageObject\",\"inLanguage\":\"en-US\",\"@id\":\"https:\/\/phenom-services.com\/#\/schema\/logo\/image\/\",\"url\":\"https:\/\/phenom-services.com\/wp-content\/uploads\/2020\/01\/phenom-1000.jpg\",\"contentUrl\":\"https:\/\/phenom-services.com\/wp-content\/uploads\/2020\/01\/phenom-1000.jpg\",\"width\":1000,\"height\":1000,\"caption\":\"Phenom\"},\"image\":{\"@id\":\"https:\/\/phenom-services.com\/#\/schema\/logo\/image\/\"},\"sameAs\":[\"https:\/\/www.facebook.com\/phenom.gva\/\",\"https:\/\/www.instagram.com\/phenom_gva\/\"]}]}<\/script>\n<!-- \/ Yoast SEO plugin. -->","yoast_head_json":{"title":"CONCIERGERIE PRIV\u00c9E - PHENOM","robots":{"index":"index","follow":"follow","max-snippet":"max-snippet:-1","max-image-preview":"max-image-preview:large","max-video-preview":"max-video-preview:-1"},"canonical":"https:\/\/phenom-services.com\/en\/conciergerie-privee\/","og_locale":"en_US","og_type":"article","og_title":"CONCIERGERIE PRIV\u00c9E - PHENOM","og_url":"https:\/\/phenom-services.com\/en\/conciergerie-privee\/","og_site_name":"PHENOM","article_publisher":"https:\/\/www.facebook.com\/phenom.gva\/","article_modified_time":"2023-03-24T14:22:53+00:00","twitter_card":"summary_large_image","twitter_misc":{"Est. reading time":"2 minutes"},"schema":{"@context":"https:\/\/schema.org","@graph":[{"@type":"WebPage","@id":"https:\/\/phenom-services.com\/conciergerie-privee\/","url":"https:\/\/phenom-services.com\/conciergerie-privee\/","name":"CONCIERGERIE PRIV\u00c9E - PHENOM","isPartOf":{"@id":"https:\/\/phenom-services.com\/#website"},"datePublished":"2017-03-15T15:39:32+00:00","dateModified":"2023-03-24T14:22:53+00:00","breadcrumb":{"@id":"https:\/\/phenom-services.com\/conciergerie-privee\/#breadcrumb"},"inLanguage":"en-US","potentialAction":[{"@type":"ReadAction","target":["https:\/\/phenom-services.com\/conciergerie-privee\/"]}]},{"@type":"BreadcrumbList","@id":"https:\/\/phenom-services.com\/conciergerie-privee\/#breadcrumb","itemListElement":[{"@type":"ListItem","position":1,"name":"Accueil","item":"https:\/\/phenom-services.com\/"},{"@type":"ListItem","position":2,"name":"CONCIERGERIE PRIV\u00c9E"}]},{"@type":"WebSite","@id":"https:\/\/phenom-services.com\/#website","url":"https:\/\/phenom-services.com\/","name":"PHENOM","description":"","publisher":{"@id":"https:\/\/phenom-services.com\/#organization"},"potentialAction":[{"@type":"SearchAction","target":{"@type":"EntryPoint","urlTemplate":"https:\/\/phenom-services.com\/?s={search_term_string}"},"query-input":"required name=search_term_string"}],"inLanguage":"en-US"},{"@type":"Organization","@id":"https:\/\/phenom-services.com\/#organization","name":"Phenom","url":"https:\/\/phenom-services.com\/","logo":{"@type":"ImageObject","inLanguage":"en-US","@id":"https:\/\/phenom-services.com\/#\/schema\/logo\/image\/","url":"https:\/\/phenom-services.com\/wp-content\/uploads\/2020\/01\/phenom-1000.jpg","contentUrl":"https:\/\/phenom-services.com\/wp-content\/uploads\/2020\/01\/phenom-1000.jpg","width":1000,"height":1000,"caption":"Phenom"},"image":{"@id":"https:\/\/phenom-services.com\/#\/schema\/logo\/image\/"},"sameAs":["https:\/\/www.facebook.com\/phenom.gva\/","https:\/\/www.instagram.com\/phenom_gva\/"]}]}},"_links":{"self":[{"href":"https:\/\/phenom-services.com\/en\/wp-json\/wp\/v2\/pages\/335"}],"collection":[{"href":"https:\/\/phenom-services.com\/en\/wp-json\/wp\/v2\/pages"}],"about":[{"href":"https:\/\/phenom-services.com\/en\/wp-json\/wp\/v2\/types\/page"}],"author":[{"embeddable":true,"href":"https:\/\/phenom-services.com\/en\/wp-json\/wp\/v2\/users\/2"}],"replies":[{"embeddable":true,"href":"https:\/\/phenom-services.com\/en\/wp-json\/wp\/v2\/comments?post=335"}],"version-history":[{"count":39,"href":"https:\/\/phenom-services.com\/en\/wp-json\/wp\/v2\/pages\/335\/revisions"}],"predecessor-version":[{"id":1155,"href":"https:\/\/phenom-services.com\/en\/wp-json\/wp\/v2\/pages\/335\/revisions\/1155"}],"wp:attachment":[{"href":"https:\/\/phenom-services.com\/en\/wp-json\/wp\/v2\/media?parent=335"}],"curies":[{"name":"wp","href":"https:\/\/api.w.org\/{rel}","templated":true}]}}