{"id":243,"date":"2017-03-15T14:14:20","date_gmt":"2017-03-15T14:14:20","guid":{"rendered":"http:\/\/christine-miller.dv.themerex.net\/?page_id=243"},"modified":"2022-08-18T15:35:15","modified_gmt":"2022-08-18T13:35:15","slug":"location-de-prestige","status":"publish","type":"page","link":"https:\/\/phenom-services.com\/en\/location-de-prestige\/","title":{"rendered":"PRESTIGE RENTAL"},"content":{"rendered":"<div class=\"vc_row wpb_row vc_row-fluid\"><div class=\"wpb_column vc_column_container vc_col-sm-12 sc_layouts_column_icons_position_left\"><div class=\"vc_column-inner\"><div class=\"wpb_wrapper\"><div class=\"vc_empty_space\"   style=\"height: 7.5em\"><span class=\"vc_empty_space_inner\"><\/span><\/div><div id=\"sc_title_1571869741\"\n\t\tclass=\"sc_title sc_title_default\"><h3 class=\"sc_item_title sc_title_title sc_align_center sc_item_title_style_default\">OUR SERVICE<\/h3><div class=\"sc_item_descr sc_title_descr sc_align_center\"><p>Prestige car rental is one of the qualities that make Phenom famous. Our team is responsible for delivering the vehicles of your choice. Whether it's a sedan, an SUV or a supercar, we've got you covered.<\/p>\n<\/div><\/div><!-- \/.sc_title --><\/div><\/div><\/div><\/div><div class=\"vc_row wpb_row vc_row-fluid\"><div class=\"wpb_column vc_column_container vc_col-sm-12 sc_layouts_column_icons_position_left\"><div class=\"vc_column-inner\"><div class=\"wpb_wrapper\"><div class=\"vc_empty_space\"   style=\"height: 7.5em\"><span class=\"vc_empty_space_inner\"><\/span><\/div><div id=\"sc_title_993456351\"\n\t\tclass=\"sc_title sc_title_default\"><h3 class=\"sc_item_title sc_title_title sc_align_center sc_item_title_style_default\">PRESENTATION OF OUR FLEET<\/h3><\/div><!-- \/.sc_title --><div class=\"vc_empty_space\"   style=\"height: 7.5em\"><span class=\"vc_empty_space_inner\"><\/span><\/div><div id=\"sc_title_492135531\"\n\t\tclass=\"sc_title sc_title_default\"><h6 class=\"sc_item_subtitle sc_title_subtitle sc_align_center sc_item_title_style_default\">Sedans<\/h6><\/div><!-- \/.sc_title --><\/div><\/div><\/div><\/div><div class=\"vc_row wpb_row vc_row-fluid\"><div class=\"wpb_column vc_column_container vc_col-sm-4 sc_layouts_column_icons_position_left\"><div class=\"vc_column-inner\"><div class=\"wpb_wrapper\"><div class=\"cq-twoface-box-container\" data-frontbg=\"#656D78\" data-backbg=\"#434A54\" data-fontcolor=\"\" data-face1=\"cq-face-front\" data-face2=\"cq-face-back\" data-cubedirection=\"bottomtop\" data-cubeheight=\"\" data-avatarsize=\"80\" data-contentcolor=\"\" data-contentsize=\"\" data-titlesize=\"\" data-contentwidth=\"\" data-rotatecube=\"0\" data-iconcolor=\"\" data-cubemargin=\"\" data-cubewidth=\"\" data-frontavatar=\"none\" data-frontfullimage=\"https:\/\/phenom-services.com\/wp-content\/uploads\/2022\/08\/mercedes_22c200amglinesd5b_lowaggressive.png\" data-backavatar=\"none\" data-backfullimage=\"https:\/\/phenom-services.com\/wp-content\/uploads\/2020\/01\/39333624-carbon-wallpapers.jpg\"><div class=\"cq-twoface-box\"><div class=\"cq-face-item cq-face-front\"><div class=\"cq-face-content\"><\/div><\/div><div class=\"cq-face-item cq-face-back\"><div class=\"cq-face-content\"><h4 class=\"cq-face-title\">Mercedes Classe C<\/h4>Seats: 5<br \/>\nChevaux: 240 ch<\/div><\/div><\/div><\/div><\/div><\/div><\/div><div class=\"wpb_column vc_column_container vc_col-sm-4 sc_layouts_column_icons_position_left\"><div class=\"vc_column-inner\"><div class=\"wpb_wrapper\"><div class=\"cq-twoface-box-container\" data-frontbg=\"#656D78\" data-backbg=\"#434A54\" data-fontcolor=\"\" data-face1=\"cq-face-front\" data-face2=\"cq-face-back\" data-cubedirection=\"bottomtop\" data-cubeheight=\"\" data-avatarsize=\"80\" data-contentcolor=\"\" data-contentsize=\"\" data-titlesize=\"\" data-contentwidth=\"\" data-rotatecube=\"0\" data-iconcolor=\"\" data-cubemargin=\"\" data-cubewidth=\"\" data-frontavatar=\"none\" data-frontfullimage=\"https:\/\/phenom-services.com\/wp-content\/uploads\/2022\/08\/TRANSPARENT_cc_2021MBC680013_01_1280_297.png\" data-backavatar=\"none\" data-backfullimage=\"https:\/\/phenom-services.com\/wp-content\/uploads\/2020\/01\/39333624-carbon-wallpapers.jpg\"><div class=\"cq-twoface-box\"><div class=\"cq-face-item cq-face-front\"><div class=\"cq-face-content\"><\/div><\/div><div class=\"cq-face-item cq-face-back\"><div class=\"cq-face-content\"><h4 class=\"cq-face-title\">Mercedes Classe E<\/h4>Seats: 5<br \/>\nChevaux: 194 ch<\/div><\/div><\/div><\/div><\/div><\/div><\/div><div class=\"wpb_column vc_column_container vc_col-sm-4 sc_layouts_column_icons_position_left\"><div class=\"vc_column-inner\"><div class=\"wpb_wrapper\"><div class=\"cq-twoface-box-container\" data-frontbg=\"#656D78\" data-backbg=\"#434A54\" data-fontcolor=\"\" data-face1=\"cq-face-front\" data-face2=\"cq-face-back\" data-cubedirection=\"bottomtop\" data-cubeheight=\"\" data-avatarsize=\"80\" data-contentcolor=\"\" data-contentsize=\"\" data-titlesize=\"\" data-contentwidth=\"\" data-rotatecube=\"0\" data-iconcolor=\"\" data-cubemargin=\"\" data-cubewidth=\"\" data-frontavatar=\"none\" data-frontfullimage=\"https:\/\/phenom-services.com\/wp-content\/uploads\/2022\/08\/066e5f15bbfe6081cf62241903c2db12-e1660663020897.png\" data-backavatar=\"none\" data-backfullimage=\"https:\/\/phenom-services.com\/wp-content\/uploads\/2020\/01\/39333624-carbon-wallpapers.jpg\"><div class=\"cq-twoface-box\"><div class=\"cq-face-item cq-face-front\"><div class=\"cq-face-content\"><\/div><\/div><div class=\"cq-face-item cq-face-back\"><div class=\"cq-face-content\"><h4 class=\"cq-face-title\">Mercedes Classe S<\/h4>Seats: 5<br \/>\nChevaux: 286 ch<\/div><\/div><\/div><\/div><\/div><\/div><\/div><\/div><div class=\"vc_row wpb_row vc_row-fluid\"><div class=\"wpb_column vc_column_container vc_col-sm-12 sc_layouts_column_icons_position_left\"><div class=\"vc_column-inner\"><div class=\"wpb_wrapper\"><div class=\"vc_empty_space\"   style=\"height: 7.5em\"><span class=\"vc_empty_space_inner\"><\/span><\/div><div id=\"sc_title_207676379\"\n\t\tclass=\"sc_title sc_title_default\"><h6 class=\"sc_item_subtitle sc_title_subtitle sc_align_center sc_item_title_style_default\">S.U.V<\/h6><\/div><!-- \/.sc_title --><\/div><\/div><\/div><\/div><div class=\"vc_row wpb_row vc_row-fluid\"><div class=\"wpb_column vc_column_container vc_col-sm-4 sc_layouts_column_icons_position_left\"><div class=\"vc_column-inner\"><div class=\"wpb_wrapper\"><div class=\"cq-twoface-box-container\" data-frontbg=\"#656D78\" data-backbg=\"#434A54\" data-fontcolor=\"\" data-face1=\"cq-face-front\" data-face2=\"cq-face-back\" data-cubedirection=\"bottomtop\" data-cubeheight=\"\" data-avatarsize=\"80\" data-contentcolor=\"\" data-contentsize=\"\" data-titlesize=\"\" data-contentwidth=\"\" data-rotatecube=\"0\" data-iconcolor=\"\" data-cubemargin=\"\" data-cubewidth=\"\" data-frontavatar=\"none\" data-frontfullimage=\"https:\/\/phenom-services.com\/wp-content\/uploads\/2022\/08\/comprar-hse-dynamic-black-300cv-diesel_974e88d697-e1660755595790.png\" data-backavatar=\"none\" data-backfullimage=\"https:\/\/phenom-services.com\/wp-content\/uploads\/2020\/01\/39333624-carbon-wallpapers.jpg\"><div class=\"cq-twoface-box\"><div class=\"cq-face-item cq-face-front\"><div class=\"cq-face-content\"><\/div><\/div><div class=\"cq-face-item cq-face-back\"><div class=\"cq-face-content\"><h4 class=\"cq-face-title\">Range Rover Sport<\/h4>Seats: 5<br \/>\nChevaux: 404 ch<\/div><\/div><\/div><\/div><\/div><\/div><\/div><div class=\"wpb_column vc_column_container vc_col-sm-4 sc_layouts_column_icons_position_left\"><div class=\"vc_column-inner\"><div class=\"wpb_wrapper\"><div class=\"cq-twoface-box-container\" data-frontbg=\"#656D78\" data-backbg=\"#434A54\" data-fontcolor=\"\" data-face1=\"cq-face-front\" data-face2=\"cq-face-back\" data-cubedirection=\"bottomtop\" data-cubeheight=\"\" data-avatarsize=\"80\" data-contentcolor=\"\" data-contentsize=\"\" data-titlesize=\"\" data-contentwidth=\"\" data-rotatecube=\"0\" data-iconcolor=\"\" data-cubemargin=\"\" data-cubewidth=\"\" data-frontavatar=\"none\" data-frontfullimage=\"https:\/\/phenom-services.com\/wp-content\/uploads\/2022\/08\/0ae321fc0573c7f4b2434463ddf2fad7.png\" data-backavatar=\"none\" data-backfullimage=\"https:\/\/phenom-services.com\/wp-content\/uploads\/2020\/01\/39333624-carbon-wallpapers.jpg\"><div class=\"cq-twoface-box\"><div class=\"cq-face-item cq-face-front\"><div class=\"cq-face-content\"><\/div><\/div><div class=\"cq-face-item cq-face-back\"><div class=\"cq-face-content\"><h4 class=\"cq-face-title\">Range Rover Vogue<\/h4>Seats: 5<br \/>\nChevaux: 258 ch<\/div><\/div><\/div><\/div><\/div><\/div><\/div><div class=\"wpb_column vc_column_container vc_col-sm-4 sc_layouts_column_icons_position_left\"><div class=\"vc_column-inner\"><div class=\"wpb_wrapper\"><div class=\"cq-twoface-box-container\" data-frontbg=\"#656D78\" data-backbg=\"#434A54\" data-fontcolor=\"\" data-face1=\"cq-face-front\" data-face2=\"cq-face-back\" data-cubedirection=\"bottomtop\" data-cubeheight=\"\" data-avatarsize=\"80\" data-contentcolor=\"\" data-contentsize=\"\" data-titlesize=\"\" data-contentwidth=\"\" data-rotatecube=\"0\" data-iconcolor=\"\" data-cubemargin=\"\" data-cubewidth=\"\" data-frontavatar=\"none\" data-frontfullimage=\"https:\/\/phenom-services.com\/wp-content\/uploads\/2022\/08\/55bd0f_607c9d91f33b42bca16941eb856fa1c2mv2.png\" data-backavatar=\"none\" data-backfullimage=\"https:\/\/phenom-services.com\/wp-content\/uploads\/2020\/01\/39333624-carbon-wallpapers.jpg\"><div class=\"cq-twoface-box\"><div class=\"cq-face-item cq-face-front\"><div class=\"cq-face-content\"><\/div><\/div><div class=\"cq-face-item cq-face-back\"><div class=\"cq-face-content\"><h4 class=\"cq-face-title\">Mercedes-AMG G 63<\/h4>Seats: 5<br \/>\nChevaux: 585 ch<\/div><\/div><\/div><\/div><\/div><\/div><\/div><\/div><div class=\"vc_row wpb_row vc_row-fluid\"><div class=\"wpb_column vc_column_container vc_col-sm-4 sc_layouts_column_icons_position_left\"><div class=\"vc_column-inner\"><div class=\"wpb_wrapper\"><div class=\"cq-twoface-box-container\" data-frontbg=\"#656D78\" data-backbg=\"#434A54\" data-fontcolor=\"\" data-face1=\"cq-face-front\" data-face2=\"cq-face-back\" data-cubedirection=\"bottomtop\" data-cubeheight=\"\" data-avatarsize=\"80\" data-contentcolor=\"\" data-contentsize=\"\" data-titlesize=\"\" data-contentwidth=\"\" data-rotatecube=\"0\" data-iconcolor=\"\" data-cubemargin=\"\" data-cubewidth=\"\" data-frontavatar=\"none\" data-frontfullimage=\"https:\/\/phenom-services.com\/wp-content\/uploads\/2022\/08\/2d76e94fb9101b1ab9f955f3a82256ee.png\" data-backavatar=\"none\" data-backfullimage=\"https:\/\/phenom-services.com\/wp-content\/uploads\/2020\/01\/39333624-carbon-wallpapers.jpg\"><div class=\"cq-twoface-box\"><div class=\"cq-face-item cq-face-front\"><div class=\"cq-face-content\"><\/div><\/div><div class=\"cq-face-item cq-face-back\"><div class=\"cq-face-content\"><h4 class=\"cq-face-title\">Land Rover Defender 110 X-Dynamic<\/h4>Places: 7<br \/>\nChevaux: 250 ch<\/div><\/div><\/div><\/div><\/div><\/div><\/div><div class=\"wpb_column vc_column_container vc_col-sm-4 sc_layouts_column_icons_position_left\"><div class=\"vc_column-inner\"><div class=\"wpb_wrapper\"><\/div><\/div><\/div><div class=\"wpb_column vc_column_container vc_col-sm-4 sc_layouts_column_icons_position_left\"><div class=\"vc_column-inner\"><div class=\"wpb_wrapper\"><div class=\"cq-twoface-box-container\" data-frontbg=\"#656D78\" data-backbg=\"#434A54\" data-fontcolor=\"\" data-face1=\"cq-face-front\" data-face2=\"cq-face-back\" data-cubedirection=\"bottomtop\" data-cubeheight=\"\" data-avatarsize=\"80\" data-contentcolor=\"\" data-contentsize=\"\" data-titlesize=\"\" data-contentwidth=\"\" data-rotatecube=\"0\" data-iconcolor=\"\" data-cubemargin=\"\" data-cubewidth=\"\" data-frontavatar=\"none\" data-frontfullimage=\"https:\/\/phenom-services.com\/wp-content\/uploads\/2022\/08\/kisspng-mlaga-airport-taxi-mercedes-benz-s-class-car-mercedes-v-class-5b5b898d9f8b17.0712508715327256456535.png\" data-backavatar=\"none\" data-backfullimage=\"https:\/\/phenom-services.com\/wp-content\/uploads\/2020\/01\/39333624-carbon-wallpapers.jpg\"><div class=\"cq-twoface-box\"><div class=\"cq-face-item cq-face-front\"><div class=\"cq-face-content\"><\/div><\/div><div class=\"cq-face-item cq-face-back\"><div class=\"cq-face-content\"><h4 class=\"cq-face-title\">Mercedes Classe V<\/h4>Places: 8<br \/>\nChevaux: 250 ch<\/div><\/div><\/div><\/div><\/div><\/div><\/div><\/div><div class=\"vc_row wpb_row vc_row-fluid\"><div class=\"wpb_column vc_column_container vc_col-sm-3 sc_layouts_column_icons_position_left\"><div class=\"vc_column-inner\"><div class=\"wpb_wrapper\"><\/div><\/div><\/div><div class=\"wpb_column vc_column_container vc_col-sm-6 sc_layouts_column_icons_position_left\"><div class=\"vc_column-inner\"><div class=\"wpb_wrapper\"><div class=\"vc_empty_space  height_tiny\"   style=\"height: 82px\"><span class=\"vc_empty_space_inner\"><\/span><\/div><div class=\"vc_empty_space  height_large\"   style=\"height: 82px\"><span class=\"vc_empty_space_inner\"><\/span><\/div>\n\t<div class=\"wpb_text_column wpb_content_element\" >\n\t\t<div class=\"wpb_wrapper\">\n\t\t\t<h2>CONTACT US<\/h2>\n\n\t\t<\/div>\n\t<\/div>\n<div class=\"vc_empty_space  height_tiny\"   style=\"height: 32px\"><span class=\"vc_empty_space_inner\"><\/span><\/div>\n<div class=\"wpcf7 no-js\" id=\"wpcf7-f942-o1\" lang=\"en-US\" dir=\"ltr\">\n<div class=\"screen-reader-response\"><p role=\"status\" aria-live=\"polite\" aria-atomic=\"true\"><\/p> <ul><\/ul><\/div>\n<form action=\"\/en\/wp-json\/wp\/v2\/pages\/243#wpcf7-f942-o1\" method=\"post\" class=\"wpcf7-form init\" aria-label=\"Contact form\" novalidate=\"novalidate\" data-status=\"init\" data-trp-original-action=\"\/en\/wp-json\/wp\/v2\/pages\/243#wpcf7-f942-o1\">\n<div style=\"display: none;\">\n<input type=\"hidden\" name=\"_wpcf7\" value=\"942\" \/>\n<input type=\"hidden\" name=\"_wpcf7_version\" value=\"5.7.5.1\" \/>\n<input type=\"hidden\" name=\"_wpcf7_locale\" value=\"en_US\" \/>\n<input type=\"hidden\" name=\"_wpcf7_unit_tag\" value=\"wpcf7-f942-o1\" \/>\n<input type=\"hidden\" name=\"_wpcf7_container_post\" value=\"0\" \/>\n<input type=\"hidden\" name=\"_wpcf7_posted_data_hash\" value=\"\" \/>\n<\/div>\n<div class=\"flex\">\n\t<div class='itm row' >\n\t\t<p><span class=\"wpcf7-form-control-wrap\" data-name=\"your-name\"><input size=\"40\" class=\"wpcf7-form-control wpcf7-text wpcf7-validates-as-required\" aria-required=\"true\" aria-invalid=\"false\" placeholder=\"&nbsp; Last name*\" value=\"\" type=\"text\" name=\"your-name\" \/><\/span>\n\t\t<\/p>\n\t<\/div>\n\t<div class='itm row'>\n\t\t<p><span class=\"wpcf7-form-control-wrap\" data-name=\"your-email\"><input size=\"40\" class=\"wpcf7-form-control wpcf7-text wpcf7-validates-as-required\" aria-required=\"true\" aria-invalid=\"false\" placeholder=\"&nbsp;First name*\" value=\"\" type=\"text\" name=\"your-email\" \/><\/span>\n\t\t<\/p>\n\t<\/div>\n<\/div>\n<div class='itm row'>\n\t<p><span class=\"wpcf7-form-control-wrap\" data-name=\"email\"><input size=\"40\" class=\"wpcf7-form-control wpcf7-text\" aria-invalid=\"false\" placeholder=\"&nbsp;email\" value=\"\" type=\"text\" name=\"email\" \/><\/span>\n\t<\/p>\n<\/div>\n<div class='itm row'>\n\t<p><span class=\"wpcf7-form-control-wrap\" data-name=\"menu-117\"><select class=\"wpcf7-form-control wpcf7-select wpcf7-validates-as-required\" aria-required=\"true\" aria-invalid=\"false\" name=\"menu-117\"><option value=\"Mercedes Classe S\">Mercedes Classe S<\/option><option value=\"Mercedes Classe E\">Mercedes Classe E<\/option><option value=\"Mercedes Classe C\">Mercedes Classe C<\/option><option value=\"Land Rover Defender\">Land Rover Defender<\/option><option value=\"Mercedes-AMG G 63\">Mercedes-AMG G 63<\/option><option value=\"Mercedes Classe V\">Mercedes Classe V<\/option><option value=\"Range Rover Vogue\">Range Rover Vogue<\/option><option value=\"Range Rover Sport\">Range Rover Sport<\/option><\/select><\/span>\n\t<\/p>\n\t<div class=''>\n\t\t<p><span class=\"wpcf7-form-control-wrap\" data-name=\"your-message\"><textarea cols=\"40\" rows=\"10\" class=\"wpcf7-form-control wpcf7-textarea wpcf7-validates-as-required\" aria-required=\"true\" aria-invalid=\"false\" placeholder=\"&nbsp;Your message*\" name=\"your-message\"><\/textarea><\/span>\n\t\t<\/p>\n\t<\/div>\n\t<div class=\"sc_form_field sc_form_field_button sc_form_field_submit\">\n\t\t<p><input class=\"wpcf7-form-control has-spinner wpcf7-submit\" type=\"submit\" value=\"Send\" \/>\n\t\t<\/p>\n\t<\/div>\n<\/div><div class=\"wpcf7-response-output\" aria-hidden=\"true\"><\/div>\n<input type=\"hidden\" name=\"trp-form-language\" value=\"en\"\/><\/form>\n<\/div>\n<\/div><\/div><\/div><div class=\"wpb_column vc_column_container vc_col-sm-3 sc_layouts_column_icons_position_left\"><div class=\"vc_column-inner\"><div class=\"wpb_wrapper\"><\/div><\/div><\/div><\/div><div class=\"wpb_column vc_column_container vc_col-sm-12 sc_layouts_column_icons_position_left\"><div class=\"vc_column-inner\"><div class=\"wpb_wrapper\"><\/div><\/div><\/div>","protected":false},"excerpt":{"rendered":"NOTRE SERVICELa location de voiture de prestige est une des qualit\u00e9s faisant la r\u00e9putation de Phenom. Notre \u00e9quipe se charge de vous livrer les v\u00e9hicules de votre choix. Que ce soit une berline, un SUV ou une supercar, nous avons la r\u00e9ponse \u00e0 tous vous souhaits. Pr\u00e9sentation de notre flotteBerlinesMercedes Classe CPlaces: 5 Chevaux: 240 chMercedes Classe EPlaces: 5 Chevaux:&hellip;","protected":false},"author":2,"featured_media":0,"parent":0,"menu_order":0,"comment_status":"closed","ping_status":"closed","template":"","meta":{"_mi_skip_tracking":false},"yoast_head":"<!-- This site is optimized with the Yoast SEO plugin v20.3 - https:\/\/yoast.com\/wordpress\/plugins\/seo\/ -->\n<title>LOCATION DE PRESTIGE - PHENOM<\/title>\n<meta name=\"robots\" content=\"index, follow, max-snippet:-1, max-image-preview:large, max-video-preview:-1\" \/>\n<link rel=\"canonical\" href=\"https:\/\/phenom-services.com\/en\/location-de-prestige\/\" \/>\n<meta property=\"og:locale\" content=\"en_US\" \/>\n<meta property=\"og:type\" content=\"article\" \/>\n<meta property=\"og:title\" content=\"LOCATION DE PRESTIGE - PHENOM\" \/>\n<meta property=\"og:url\" content=\"https:\/\/phenom-services.com\/en\/location-de-prestige\/\" \/>\n<meta property=\"og:site_name\" content=\"PHENOM\" \/>\n<meta property=\"article:publisher\" content=\"https:\/\/www.facebook.com\/phenom.gva\/\" \/>\n<meta property=\"article:modified_time\" content=\"2022-08-18T13:35:15+00:00\" \/>\n<meta name=\"twitter:card\" content=\"summary_large_image\" \/>\n<meta name=\"twitter:label1\" content=\"Est. reading time\" \/>\n\t<meta name=\"twitter:data1\" content=\"2 minutes\" \/>\n<script type=\"application\/ld+json\" class=\"yoast-schema-graph\">{\"@context\":\"https:\/\/schema.org\",\"@graph\":[{\"@type\":\"WebPage\",\"@id\":\"https:\/\/phenom-services.com\/en\/location-de-prestige\/\",\"url\":\"https:\/\/phenom-services.com\/en\/location-de-prestige\/\",\"name\":\"LOCATION DE PRESTIGE - PHENOM\",\"isPartOf\":{\"@id\":\"https:\/\/phenom-services.com\/#website\"},\"datePublished\":\"2017-03-15T14:14:20+00:00\",\"dateModified\":\"2022-08-18T13:35:15+00:00\",\"breadcrumb\":{\"@id\":\"https:\/\/phenom-services.com\/en\/location-de-prestige\/#breadcrumb\"},\"inLanguage\":\"en-US\",\"potentialAction\":[{\"@type\":\"ReadAction\",\"target\":[\"https:\/\/phenom-services.com\/en\/location-de-prestige\/\"]}]},{\"@type\":\"BreadcrumbList\",\"@id\":\"https:\/\/phenom-services.com\/en\/location-de-prestige\/#breadcrumb\",\"itemListElement\":[{\"@type\":\"ListItem\",\"position\":1,\"name\":\"Accueil\",\"item\":\"https:\/\/phenom-services.com\/\"},{\"@type\":\"ListItem\",\"position\":2,\"name\":\"LOCATION DE PRESTIGE\"}]},{\"@type\":\"WebSite\",\"@id\":\"https:\/\/phenom-services.com\/#website\",\"url\":\"https:\/\/phenom-services.com\/\",\"name\":\"PHENOM\",\"description\":\"\",\"publisher\":{\"@id\":\"https:\/\/phenom-services.com\/#organization\"},\"potentialAction\":[{\"@type\":\"SearchAction\",\"target\":{\"@type\":\"EntryPoint\",\"urlTemplate\":\"https:\/\/phenom-services.com\/?s={search_term_string}\"},\"query-input\":\"required name=search_term_string\"}],\"inLanguage\":\"en-US\"},{\"@type\":\"Organization\",\"@id\":\"https:\/\/phenom-services.com\/#organization\",\"name\":\"Phenom\",\"url\":\"https:\/\/phenom-services.com\/\",\"logo\":{\"@type\":\"ImageObject\",\"inLanguage\":\"en-US\",\"@id\":\"https:\/\/phenom-services.com\/#\/schema\/logo\/image\/\",\"url\":\"https:\/\/phenom-services.com\/wp-content\/uploads\/2020\/01\/phenom-1000.jpg\",\"contentUrl\":\"https:\/\/phenom-services.com\/wp-content\/uploads\/2020\/01\/phenom-1000.jpg\",\"width\":1000,\"height\":1000,\"caption\":\"Phenom\"},\"image\":{\"@id\":\"https:\/\/phenom-services.com\/#\/schema\/logo\/image\/\"},\"sameAs\":[\"https:\/\/www.facebook.com\/phenom.gva\/\",\"https:\/\/www.instagram.com\/phenom_gva\/\"]}]}<\/script>\n<!-- \/ Yoast SEO plugin. -->","yoast_head_json":{"title":"LOCATION DE PRESTIGE - PHENOM","robots":{"index":"index","follow":"follow","max-snippet":"max-snippet:-1","max-image-preview":"max-image-preview:large","max-video-preview":"max-video-preview:-1"},"canonical":"https:\/\/phenom-services.com\/en\/location-de-prestige\/","og_locale":"en_US","og_type":"article","og_title":"LOCATION DE PRESTIGE - PHENOM","og_url":"https:\/\/phenom-services.com\/en\/location-de-prestige\/","og_site_name":"PHENOM","article_publisher":"https:\/\/www.facebook.com\/phenom.gva\/","article_modified_time":"2022-08-18T13:35:15+00:00","twitter_card":"summary_large_image","twitter_misc":{"Est. reading time":"2 minutes"},"schema":{"@context":"https:\/\/schema.org","@graph":[{"@type":"WebPage","@id":"https:\/\/phenom-services.com\/en\/location-de-prestige\/","url":"https:\/\/phenom-services.com\/en\/location-de-prestige\/","name":"LOCATION DE PRESTIGE - PHENOM","isPartOf":{"@id":"https:\/\/phenom-services.com\/#website"},"datePublished":"2017-03-15T14:14:20+00:00","dateModified":"2022-08-18T13:35:15+00:00","breadcrumb":{"@id":"https:\/\/phenom-services.com\/en\/location-de-prestige\/#breadcrumb"},"inLanguage":"en-US","potentialAction":[{"@type":"ReadAction","target":["https:\/\/phenom-services.com\/en\/location-de-prestige\/"]}]},{"@type":"BreadcrumbList","@id":"https:\/\/phenom-services.com\/en\/location-de-prestige\/#breadcrumb","itemListElement":[{"@type":"ListItem","position":1,"name":"Accueil","item":"https:\/\/phenom-services.com\/"},{"@type":"ListItem","position":2,"name":"LOCATION DE PRESTIGE"}]},{"@type":"WebSite","@id":"https:\/\/phenom-services.com\/#website","url":"https:\/\/phenom-services.com\/","name":"PHENOM","description":"","publisher":{"@id":"https:\/\/phenom-services.com\/#organization"},"potentialAction":[{"@type":"SearchAction","target":{"@type":"EntryPoint","urlTemplate":"https:\/\/phenom-services.com\/?s={search_term_string}"},"query-input":"required name=search_term_string"}],"inLanguage":"en-US"},{"@type":"Organization","@id":"https:\/\/phenom-services.com\/#organization","name":"Phenom","url":"https:\/\/phenom-services.com\/","logo":{"@type":"ImageObject","inLanguage":"en-US","@id":"https:\/\/phenom-services.com\/#\/schema\/logo\/image\/","url":"https:\/\/phenom-services.com\/wp-content\/uploads\/2020\/01\/phenom-1000.jpg","contentUrl":"https:\/\/phenom-services.com\/wp-content\/uploads\/2020\/01\/phenom-1000.jpg","width":1000,"height":1000,"caption":"Phenom"},"image":{"@id":"https:\/\/phenom-services.com\/#\/schema\/logo\/image\/"},"sameAs":["https:\/\/www.facebook.com\/phenom.gva\/","https:\/\/www.instagram.com\/phenom_gva\/"]}]}},"_links":{"self":[{"href":"https:\/\/phenom-services.com\/en\/wp-json\/wp\/v2\/pages\/243"}],"collection":[{"href":"https:\/\/phenom-services.com\/en\/wp-json\/wp\/v2\/pages"}],"about":[{"href":"https:\/\/phenom-services.com\/en\/wp-json\/wp\/v2\/types\/page"}],"author":[{"embeddable":true,"href":"https:\/\/phenom-services.com\/en\/wp-json\/wp\/v2\/users\/2"}],"replies":[{"embeddable":true,"href":"https:\/\/phenom-services.com\/en\/wp-json\/wp\/v2\/comments?post=243"}],"version-history":[{"count":27,"href":"https:\/\/phenom-services.com\/en\/wp-json\/wp\/v2\/pages\/243\/revisions"}],"predecessor-version":[{"id":1146,"href":"https:\/\/phenom-services.com\/en\/wp-json\/wp\/v2\/pages\/243\/revisions\/1146"}],"wp:attachment":[{"href":"https:\/\/phenom-services.com\/en\/wp-json\/wp\/v2\/media?parent=243"}],"curies":[{"name":"wp","href":"https:\/\/api.w.org\/{rel}","templated":true}]}}