{"id":215,"date":"2017-03-15T11:41:05","date_gmt":"2017-03-15T11:41:05","guid":{"rendered":"http:\/\/christine-miller.dv.themerex.net\/?page_id=215"},"modified":"2023-03-24T15:19:11","modified_gmt":"2023-03-24T14:19:11","slug":"apropos","status":"publish","type":"page","link":"https:\/\/phenom-services.com\/en\/apropos\/","title":{"rendered":"ABOUT"},"content":{"rendered":"<div class=\"vc_row wpb_row vc_row-fluid wpb_animate_when_almost_visible wpb_fadeInRight fadeInRight\"><div class=\"wpb_column vc_column_container vc_col-sm-12 sc_layouts_column_icons_position_left\"><div class=\"vc_column-inner\"><div class=\"wpb_wrapper\"><div class=\"vc_empty_space\"   style=\"height: 7.5em\"><span class=\"vc_empty_space_inner\"><\/span><\/div><div  id=\"sc_promo_611120052\" \n\tclass=\"sc_promo sc_promo_default sc_promo_size_large sc_promo_no_paddings sc_promo_no_image\"><div class=\"sc_promo_text\" style=\"width: 100%;\">\n\t\t\t<div class=\"sc_promo_text_inner\" style=\"\"><h6 class=\"sc_item_subtitle sc_promo_subtitle sc_align_center sc_item_title_style_default\">ABOUT<\/h6><h1 class=\"sc_item_title sc_promo_title sc_align_center sc_item_title_style_default sc_item_title_tag\">OUR ENTERPRISE<\/h1><div class=\"sc_item_descr sc_promo_descr sc_align_center\"><p>Our job; fulfill all your desires.<\/p>\n<p><\/p>\n<p>By choosing Phenom, you discover a company that is attentive, that wants to satisfy you and make your stay unforgettable. Benefiting from a long experience across Switzerland, the Phenom team is expert in setting up events, personal purchases, medical stays, hotel reservations, high-end vehicle rentals and limousine service. Our various quality services are served with the help of our partners, whose recognition is national and worldwide.<\/p>\n<\/div><\/div>\n\t\t<\/div><!-- \/.sc_promo_text --><\/div><!-- \/.sc_promo --><div class=\"vc_empty_space\"   style=\"height: 7.5em\"><span class=\"vc_empty_space_inner\"><\/span><\/div><\/div><\/div><\/div><\/div><div data-vc-full-width=\"true\" data-vc-full-width-init=\"false\" data-vc-stretch-content=\"true\" class=\"vc_row wpb_row vc_row-fluid wpb_animate_when_almost_visible wpb_fadeInRight fadeInRight vc_row-no-padding vc_row-o-equal-height vc_row-flex\"><div class=\"wpb_column vc_column_container vc_col-sm-6 vc_col-has-fill sc_layouts_column_icons_position_left\"><div class=\"vc_column-inner vc_custom_1492372721437\"><div class=\"wpb_wrapper\"><div class=\"vc_empty_space\"   style=\"height: 20em\"><span class=\"vc_empty_space_inner\"><\/span><\/div><\/div><\/div><\/div><div class=\"wpb_column vc_column_container vc_col-sm-6 sc_layouts_column_icons_position_left\"><div class=\"vc_column-inner\"><div class=\"wpb_wrapper\"><div id=\"sc_content_1532378187\"\n\t\tclass=\"sc_content sc_content_default sc_float_center sc_margin_small\"><div class=\"sc_content_container\">\n\t<div class=\"wpb_text_column wpb_content_element\" >\n\t\t<div class=\"wpb_wrapper\">\n\t\t\t<h3>Our advantages<\/h3>\n<ul class=\"trx_addons_list_success_circled\">\n<li>Your well-being and your time are our priority.<\/li>\n<li>Personalized services, tailored to your needs.<\/li>\n<li>An efficient team at your disposal.<\/li>\n<\/ul>\n\n\t\t<\/div>\n\t<\/div>\n<\/div><\/div><!-- \/.sc_content --><\/div><\/div><\/div><\/div><div class=\"vc_row-full-width vc_clearfix\"><\/div><div data-vc-full-width=\"true\" data-vc-full-width-init=\"false\" data-vc-stretch-content=\"true\" class=\"vc_row wpb_row vc_row-fluid wpb_animate_when_almost_visible wpb_fadeInLeft fadeInLeft vc_row-no-padding vc_row-o-equal-height vc_row-flex\"><div class=\"wpb_column vc_column_container vc_col-sm-6 vc_col-has-fill sc_layouts_column_icons_position_left\"><div class=\"vc_column-inner vc_custom_1578571953366\"><div class=\"wpb_wrapper\"><div id=\"sc_content_1464879032\"\n\t\tclass=\"sc_content sc_content_default sc_float_center sc_margin_small\"><div class=\"sc_content_container\">\n\t<div class=\"wpb_text_column wpb_content_element\" >\n\t\t<div class=\"wpb_wrapper\">\n\t\t\t<p>As a private concierge, we strive to offer our clients a luxurious lifestyle, tailored to their needs, their personal and professional requirements.<\/p>\n\n\t\t<\/div>\n\t<\/div>\n<div class=\"vc_empty_space\"   style=\"height: 2em\"><span class=\"vc_empty_space_inner\"><\/span><\/div><\/div><\/div><!-- \/.sc_content --><\/div><\/div><\/div><div class=\"wpb_column vc_column_container vc_col-sm-6 vc_col-has-fill sc_layouts_column_icons_position_left\"><div class=\"vc_column-inner vc_custom_1491325051941\"><div class=\"wpb_wrapper\"><div class=\"vc_empty_space\"   style=\"height: 20em\"><span class=\"vc_empty_space_inner\"><\/span><\/div><\/div><\/div><\/div><\/div><div class=\"vc_row-full-width vc_clearfix\"><\/div><div data-vc-full-width=\"true\" data-vc-full-width-init=\"false\" class=\"vc_row wpb_row vc_row-fluid wpb_animate_when_almost_visible wpb_fadeIn fadeIn vc_custom_1578571965689 vc_row-has-fill scheme_dark\"><div class=\"wpb_column vc_column_container vc_col-sm-12 sc_layouts_column_icons_position_left\"><div class=\"vc_column-inner\"><div class=\"wpb_wrapper\"><div class=\"vc_empty_space\"   style=\"height: 5.6em\"><span class=\"vc_empty_space_inner\"><\/span><\/div>\n\t<div class=\"wpb_text_column wpb_content_element\" >\n\t\t<div class=\"wpb_wrapper\">\n\t\t\t<h4 style=\"font-weight: 300; text-align: center;\">We remain at your disposal.<\/h4>\n\n\t\t<\/div>\n\t<\/div>\n<div class=\"vc_empty_space\"   style=\"height: 2.3em\"><span class=\"vc_empty_space_inner\"><\/span><\/div>\n\t<div class=\"wpb_text_column wpb_content_element\" >\n\t\t<div class=\"wpb_wrapper\">\n\t\t\t<h4 class=\"big\" style=\"text-align: center;\">+41 22 901 18 88<\/h4>\n\n\t\t<\/div>\n\t<\/div>\n<div class=\"vc_empty_space\"   style=\"height: 5.8em\"><span class=\"vc_empty_space_inner\"><\/span><\/div><\/div><\/div><\/div><\/div><div class=\"vc_row-full-width vc_clearfix\"><\/div>","protected":false},"excerpt":{"rendered":"\u00c0 PROPOSNOTRE ENTREPRISENotre m\u00e9tier; r\u00e9pondre \u00e0 tous vos d\u00e9sirs. En choisissant Phenom, vous d\u00e9couvrez une soci\u00e9t\u00e9 qui est \u00e0 l\u2019\u00e9coute, qui tient \u00e0 vous satisfaire et de rendre votre s\u00e9jour inoubliable. Profitant d'une longue exp\u00e9rience \u00e0 travers la Suisse, l\u2019\u00e9quipe de Phenom est experte dans la mise en place d\u2019\u00e9v\u00e9nement, l\u2019achat personnel, les s\u00e9jours m\u00e9dicaux, la r\u00e9servation d\u2019h\u00f4tel, la location&hellip;","protected":false},"author":2,"featured_media":0,"parent":0,"menu_order":0,"comment_status":"closed","ping_status":"closed","template":"","meta":{"_mi_skip_tracking":false},"yoast_head":"<!-- This site is optimized with the Yoast SEO plugin v20.3 - https:\/\/yoast.com\/wordpress\/plugins\/seo\/ -->\n<title>\u00c0 PROPOS - PHENOM<\/title>\n<meta name=\"robots\" content=\"index, follow, max-snippet:-1, max-image-preview:large, max-video-preview:-1\" \/>\n<link rel=\"canonical\" href=\"https:\/\/phenom-services.com\/en\/apropos\/\" \/>\n<meta property=\"og:locale\" content=\"en_US\" \/>\n<meta property=\"og:type\" content=\"article\" \/>\n<meta property=\"og:title\" content=\"\u00c0 PROPOS - PHENOM\" \/>\n<meta property=\"og:url\" content=\"https:\/\/phenom-services.com\/en\/apropos\/\" \/>\n<meta property=\"og:site_name\" content=\"PHENOM\" \/>\n<meta property=\"article:publisher\" content=\"https:\/\/www.facebook.com\/phenom.gva\/\" \/>\n<meta property=\"article:modified_time\" content=\"2023-03-24T14:19:11+00:00\" \/>\n<meta name=\"twitter:card\" content=\"summary_large_image\" \/>\n<meta name=\"twitter:label1\" content=\"Est. reading time\" \/>\n\t<meta name=\"twitter:data1\" content=\"2 minutes\" \/>\n<script type=\"application\/ld+json\" class=\"yoast-schema-graph\">{\"@context\":\"https:\/\/schema.org\",\"@graph\":[{\"@type\":\"WebPage\",\"@id\":\"https:\/\/phenom-services.com\/apropos\/\",\"url\":\"https:\/\/phenom-services.com\/apropos\/\",\"name\":\"\u00c0 PROPOS - PHENOM\",\"isPartOf\":{\"@id\":\"https:\/\/phenom-services.com\/#website\"},\"datePublished\":\"2017-03-15T11:41:05+00:00\",\"dateModified\":\"2023-03-24T14:19:11+00:00\",\"breadcrumb\":{\"@id\":\"https:\/\/phenom-services.com\/apropos\/#breadcrumb\"},\"inLanguage\":\"en-US\",\"potentialAction\":[{\"@type\":\"ReadAction\",\"target\":[\"https:\/\/phenom-services.com\/apropos\/\"]}]},{\"@type\":\"BreadcrumbList\",\"@id\":\"https:\/\/phenom-services.com\/apropos\/#breadcrumb\",\"itemListElement\":[{\"@type\":\"ListItem\",\"position\":1,\"name\":\"Accueil\",\"item\":\"https:\/\/phenom-services.com\/\"},{\"@type\":\"ListItem\",\"position\":2,\"name\":\"\u00c0 PROPOS\"}]},{\"@type\":\"WebSite\",\"@id\":\"https:\/\/phenom-services.com\/#website\",\"url\":\"https:\/\/phenom-services.com\/\",\"name\":\"PHENOM\",\"description\":\"\",\"publisher\":{\"@id\":\"https:\/\/phenom-services.com\/#organization\"},\"potentialAction\":[{\"@type\":\"SearchAction\",\"target\":{\"@type\":\"EntryPoint\",\"urlTemplate\":\"https:\/\/phenom-services.com\/?s={search_term_string}\"},\"query-input\":\"required name=search_term_string\"}],\"inLanguage\":\"en-US\"},{\"@type\":\"Organization\",\"@id\":\"https:\/\/phenom-services.com\/#organization\",\"name\":\"Phenom\",\"url\":\"https:\/\/phenom-services.com\/\",\"logo\":{\"@type\":\"ImageObject\",\"inLanguage\":\"en-US\",\"@id\":\"https:\/\/phenom-services.com\/#\/schema\/logo\/image\/\",\"url\":\"https:\/\/phenom-services.com\/wp-content\/uploads\/2020\/01\/phenom-1000.jpg\",\"contentUrl\":\"https:\/\/phenom-services.com\/wp-content\/uploads\/2020\/01\/phenom-1000.jpg\",\"width\":1000,\"height\":1000,\"caption\":\"Phenom\"},\"image\":{\"@id\":\"https:\/\/phenom-services.com\/#\/schema\/logo\/image\/\"},\"sameAs\":[\"https:\/\/www.facebook.com\/phenom.gva\/\",\"https:\/\/www.instagram.com\/phenom_gva\/\"]}]}<\/script>\n<!-- \/ Yoast SEO plugin. -->","yoast_head_json":{"title":"\u00c0 PROPOS - PHENOM","robots":{"index":"index","follow":"follow","max-snippet":"max-snippet:-1","max-image-preview":"max-image-preview:large","max-video-preview":"max-video-preview:-1"},"canonical":"https:\/\/phenom-services.com\/en\/apropos\/","og_locale":"en_US","og_type":"article","og_title":"\u00c0 PROPOS - PHENOM","og_url":"https:\/\/phenom-services.com\/en\/apropos\/","og_site_name":"PHENOM","article_publisher":"https:\/\/www.facebook.com\/phenom.gva\/","article_modified_time":"2023-03-24T14:19:11+00:00","twitter_card":"summary_large_image","twitter_misc":{"Est. reading time":"2 minutes"},"schema":{"@context":"https:\/\/schema.org","@graph":[{"@type":"WebPage","@id":"https:\/\/phenom-services.com\/apropos\/","url":"https:\/\/phenom-services.com\/apropos\/","name":"\u00c0 PROPOS - PHENOM","isPartOf":{"@id":"https:\/\/phenom-services.com\/#website"},"datePublished":"2017-03-15T11:41:05+00:00","dateModified":"2023-03-24T14:19:11+00:00","breadcrumb":{"@id":"https:\/\/phenom-services.com\/apropos\/#breadcrumb"},"inLanguage":"en-US","potentialAction":[{"@type":"ReadAction","target":["https:\/\/phenom-services.com\/apropos\/"]}]},{"@type":"BreadcrumbList","@id":"https:\/\/phenom-services.com\/apropos\/#breadcrumb","itemListElement":[{"@type":"ListItem","position":1,"name":"Accueil","item":"https:\/\/phenom-services.com\/"},{"@type":"ListItem","position":2,"name":"\u00c0 PROPOS"}]},{"@type":"WebSite","@id":"https:\/\/phenom-services.com\/#website","url":"https:\/\/phenom-services.com\/","name":"PHENOM","description":"","publisher":{"@id":"https:\/\/phenom-services.com\/#organization"},"potentialAction":[{"@type":"SearchAction","target":{"@type":"EntryPoint","urlTemplate":"https:\/\/phenom-services.com\/?s={search_term_string}"},"query-input":"required name=search_term_string"}],"inLanguage":"en-US"},{"@type":"Organization","@id":"https:\/\/phenom-services.com\/#organization","name":"Phenom","url":"https:\/\/phenom-services.com\/","logo":{"@type":"ImageObject","inLanguage":"en-US","@id":"https:\/\/phenom-services.com\/#\/schema\/logo\/image\/","url":"https:\/\/phenom-services.com\/wp-content\/uploads\/2020\/01\/phenom-1000.jpg","contentUrl":"https:\/\/phenom-services.com\/wp-content\/uploads\/2020\/01\/phenom-1000.jpg","width":1000,"height":1000,"caption":"Phenom"},"image":{"@id":"https:\/\/phenom-services.com\/#\/schema\/logo\/image\/"},"sameAs":["https:\/\/www.facebook.com\/phenom.gva\/","https:\/\/www.instagram.com\/phenom_gva\/"]}]}},"_links":{"self":[{"href":"https:\/\/phenom-services.com\/en\/wp-json\/wp\/v2\/pages\/215"}],"collection":[{"href":"https:\/\/phenom-services.com\/en\/wp-json\/wp\/v2\/pages"}],"about":[{"href":"https:\/\/phenom-services.com\/en\/wp-json\/wp\/v2\/types\/page"}],"author":[{"embeddable":true,"href":"https:\/\/phenom-services.com\/en\/wp-json\/wp\/v2\/users\/2"}],"replies":[{"embeddable":true,"href":"https:\/\/phenom-services.com\/en\/wp-json\/wp\/v2\/comments?post=215"}],"version-history":[{"count":11,"href":"https:\/\/phenom-services.com\/en\/wp-json\/wp\/v2\/pages\/215\/revisions"}],"predecessor-version":[{"id":1152,"href":"https:\/\/phenom-services.com\/en\/wp-json\/wp\/v2\/pages\/215\/revisions\/1152"}],"wp:attachment":[{"href":"https:\/\/phenom-services.com\/en\/wp-json\/wp\/v2\/media?parent=215"}],"curies":[{"name":"wp","href":"https:\/\/api.w.org\/{rel}","templated":true}]}}